{"id":621,"date":"2020-01-15T09:54:56","date_gmt":"2020-01-15T08:54:56","guid":{"rendered":"https:\/\/www.mobilnikoutky.cz\/?post_type=product&#038;p=621"},"modified":"2026-04-15T08:43:04","modified_gmt":"2026-04-15T06:43:04","slug":"houpacka-krokodyl","status":"publish","type":"product","link":"https:\/\/www.mobilnikoutky.cz\/index.php\/produkt\/houpacka-krokodyl\/","title":{"rendered":"Houpa\u010dka krokod\u00fdl"},"content":{"rendered":"<p>Dvojit\u00e9 houpadlo krokod\u00fdl. Stylov\u00e9 houpadlo pro dv\u011b d\u011bti inspirovan\u00e9 nejstar\u0161\u00edm plazem. D\u011bti d\u00edky houpadlu z\u00edsk\u00e1vaj\u00ed na jistot\u011b v rovnov\u00e1ze.<\/p>\n<ul>\n<li>V\u011bk: od 10 m\u011bs\u00edc\u016f<\/li>\n<li>Materi\u00e1l: plast<\/li>\n<li>D\u00e9lka: 100 cm; \u0161\u00ed\u0159ka: 45 cm; v\u00fd\u0161ka: 33 cm.<\/li>\n<li>Barva: zelen\u00e1<\/li>\n<li>K dispozici 2 kusy<\/li>\n<\/ul>\n","protected":false},"excerpt":{"rendered":"<p data-pm-slice=\"1 1 []\">Uveden\u00e1 cena je za d\u00e9lku pron\u00e1jmu do 5 dn\u016f.<\/p>\n","protected":false},"featured_media":624,"comment_status":"open","ping_status":"closed","template":"","meta":{"_monsterinsights_skip_tracking":false,"_monsterinsights_sitenote_active":false,"_monsterinsights_sitenote_note":"","_monsterinsights_sitenote_category":0},"product_brand":[],"product_cat":[20,25],"product_tag":[],"class_list":{"0":"post-621","1":"product","2":"type-product","3":"status-publish","4":"has-post-thumbnail","6":"product_cat-herni-zona","7":"product_cat-ostatni","9":"first","10":"instock","11":"taxable","12":"shipping-taxable","13":"purchasable","14":"product-type-simple"},"aioseo_notices":[],"_links":{"self":[{"href":"https:\/\/www.mobilnikoutky.cz\/index.php\/wp-json\/wp\/v2\/product\/621","targetHints":{"allow":["GET"]}}],"collection":[{"href":"https:\/\/www.mobilnikoutky.cz\/index.php\/wp-json\/wp\/v2\/product"}],"about":[{"href":"https:\/\/www.mobilnikoutky.cz\/index.php\/wp-json\/wp\/v2\/types\/product"}],"replies":[{"embeddable":true,"href":"https:\/\/www.mobilnikoutky.cz\/index.php\/wp-json\/wp\/v2\/comments?post=621"}],"wp:featuredmedia":[{"embeddable":true,"href":"https:\/\/www.mobilnikoutky.cz\/index.php\/wp-json\/wp\/v2\/media\/624"}],"wp:attachment":[{"href":"https:\/\/www.mobilnikoutky.cz\/index.php\/wp-json\/wp\/v2\/media?parent=621"}],"wp:term":[{"taxonomy":"product_brand","embeddable":true,"href":"https:\/\/www.mobilnikoutky.cz\/index.php\/wp-json\/wp\/v2\/product_brand?post=621"},{"taxonomy":"product_cat","embeddable":true,"href":"https:\/\/www.mobilnikoutky.cz\/index.php\/wp-json\/wp\/v2\/product_cat?post=621"},{"taxonomy":"product_tag","embeddable":true,"href":"https:\/\/www.mobilnikoutky.cz\/index.php\/wp-json\/wp\/v2\/product_tag?post=621"}],"curies":[{"name":"wp","href":"https:\/\/api.w.org\/{rel}","templated":true}]}}