{"id":614,"date":"2020-01-15T09:11:26","date_gmt":"2020-01-15T08:11:26","guid":{"rendered":"https:\/\/www.mobilnikoutky.cz\/?post_type=product&#038;p=614"},"modified":"2026-04-15T08:44:26","modified_gmt":"2026-04-15T06:44:26","slug":"skladaci-podlozka-na-cviceni-plufsig","status":"publish","type":"product","link":"https:\/\/www.mobilnikoutky.cz\/index.php\/produkt\/skladaci-podlozka-na-cviceni-plufsig\/","title":{"rendered":"Skl\u00e1dac\u00ed podlo\u017eka na cvi\u010den\u00ed PLUFSIG"},"content":{"rendered":"<p>D\u011bti z\u0159\u00eddka z\u016fstanou v klidu, kdy\u017e je na zemi podlo\u017eka na cvi\u010den\u00ed. Vyvol\u00e1v\u00e1 chu\u0165 kut\u00e1let se a d\u011blat kotouly \u2013 a to bezpe\u010dn\u011b. A kdy\u017e se unav\u00ed, sta\u010d\u00ed j\u00ed slo\u017eit a d\u00e1t stranou. Podlo\u017eka tak\u00e9 skv\u011ble poslou\u017e\u00ed i pro v\u00e1len\u00ed, hran\u00ed, nebo jako n\u00e1hrada za koberec.<\/p>\n<ul>\n<li>Barva: odst\u00edny zelen\u00e9<\/li>\n<li>Rozm\u011bry: 78\u00d7185 cm<\/li>\n<li>K dispozici 18 kus\u016f<\/li>\n<\/ul>\n","protected":false},"excerpt":{"rendered":"<p data-pm-slice=\"1 1 []\">Uveden\u00e1 cena je za d\u00e9lku pron\u00e1jmu do 5 dn\u016f.<\/p>\n","protected":false},"featured_media":618,"comment_status":"open","ping_status":"closed","template":"","meta":{"_monsterinsights_skip_tracking":false,"_monsterinsights_sitenote_active":false,"_monsterinsights_sitenote_note":"","_monsterinsights_sitenote_category":0},"product_brand":[],"product_cat":[20,25,19],"product_tag":[197],"class_list":{"0":"post-614","1":"product","2":"type-product","3":"status-publish","4":"has-post-thumbnail","6":"product_cat-herni-zona","7":"product_cat-ostatni","8":"product_cat-relaxacni-zona","9":"product_tag-opici-draha","11":"first","12":"instock","13":"taxable","14":"shipping-taxable","15":"purchasable","16":"product-type-simple"},"aioseo_notices":[],"_links":{"self":[{"href":"https:\/\/www.mobilnikoutky.cz\/index.php\/wp-json\/wp\/v2\/product\/614","targetHints":{"allow":["GET"]}}],"collection":[{"href":"https:\/\/www.mobilnikoutky.cz\/index.php\/wp-json\/wp\/v2\/product"}],"about":[{"href":"https:\/\/www.mobilnikoutky.cz\/index.php\/wp-json\/wp\/v2\/types\/product"}],"replies":[{"embeddable":true,"href":"https:\/\/www.mobilnikoutky.cz\/index.php\/wp-json\/wp\/v2\/comments?post=614"}],"wp:featuredmedia":[{"embeddable":true,"href":"https:\/\/www.mobilnikoutky.cz\/index.php\/wp-json\/wp\/v2\/media\/618"}],"wp:attachment":[{"href":"https:\/\/www.mobilnikoutky.cz\/index.php\/wp-json\/wp\/v2\/media?parent=614"}],"wp:term":[{"taxonomy":"product_brand","embeddable":true,"href":"https:\/\/www.mobilnikoutky.cz\/index.php\/wp-json\/wp\/v2\/product_brand?post=614"},{"taxonomy":"product_cat","embeddable":true,"href":"https:\/\/www.mobilnikoutky.cz\/index.php\/wp-json\/wp\/v2\/product_cat?post=614"},{"taxonomy":"product_tag","embeddable":true,"href":"https:\/\/www.mobilnikoutky.cz\/index.php\/wp-json\/wp\/v2\/product_tag?post=614"}],"curies":[{"name":"wp","href":"https:\/\/api.w.org\/{rel}","templated":true}]}}