{"id":587,"date":"2019-02-09T15:30:52","date_gmt":"2019-02-09T14:30:52","guid":{"rendered":"https:\/\/www.mobilnikoutky.cz\/?post_type=product&#038;p=587"},"modified":"2025-06-11T12:26:59","modified_gmt":"2025-06-11T10:26:59","slug":"opici-draha","status":"publish","type":"product","link":"https:\/\/www.mobilnikoutky.cz\/index.php\/produkt\/opici-draha\/","title":{"rendered":"Opi\u010d\u00ed dr\u00e1ha"},"content":{"rendered":"<p>Pron\u00e1jem vybaven\u00ed pro opi\u010d\u00ed dr\u00e1hu ve v\u00fdhodn\u00e9 nab\u00eddce.<\/p>\n<p>Sestavu tvo\u0159\u00ed:<\/p>\n<ul>\n<li><a href=\"https:\/\/www.mobilnikoutky.cz\/index.php\/produkt\/molitanova-sada-most\/\">1\u00d7 Molitanov\u00e1 sada Most<\/a><\/li>\n<li><a href=\"https:\/\/www.mobilnikoutky.cz\/index.php\/produkt\/molitanova-sestava-mini-hrad\/\">1\u00d7 Molitanov\u00e1 sada Mini hrad<\/a><\/li>\n<li><a href=\"https:\/\/www.mobilnikoutky.cz\/index.php\/produkt\/skladaci-podlozka-na-cviceni-plufsig\/\">3\u00d7 Skl\u00e1dac\u00ed podlo\u017eka na cvi\u010den\u00ed PLUFSIG<\/a><\/li>\n<li><a href=\"https:\/\/www.mobilnikoutky.cz\/index.php\/produkt\/tunel-na-hrani-busa\/\">1\u00d7 Tunel na hran\u00ed BUSA<\/a><\/li>\n<\/ul>\n<p>K dispozici 1 sestava pro opi\u010d\u00ed dr\u00e1hu<\/p>\n<p>Schody ze sady &#8222;Molitanov\u00e1 sada Most&#8220; maj\u00ed natr\u017eenou l\u00e1tku &#8211; v\u00edme o tom, provozu to v\u0161ak nebr\u00e1n\u00ed. \ud83d\ude09<\/p>\n<hr \/>\n<p>Chcete si vytvo\u0159it <a href=\"https:\/\/www.babyoffice.cz\/opici-nebo-prekazkova-draha-skvela-zabava-pro-deti\/\">opi\u010d\u00ed dr\u00e1hu<\/a> sv\u00e9pomoc\u00ed? M\u016f\u017eete vyu\u017e\u00edt stoly, \u017eidle, \u017eeb\u0159\u00edky, provazy a dal\u0161\u00ed v\u011bci, kter\u00e9 najdete doma nebo na zahrad\u011b. Inspirujte se v na\u0161em \u010dl\u00e1nku.<\/p>\n<p>&nbsp;<\/p>\n","protected":false},"excerpt":{"rendered":"<p>Pron\u00e1jem vybaven\u00ed pro opi\u010d\u00ed dr\u00e1hu ve v\u00fdhodn\u00e9 nab\u00eddce. Sestavu tvo\u0159\u00ed: 1\u00d7 Molitanov\u00e1 sada Most 1\u00d7 Molitanov\u00e1 sada Mini hrad 3\u00d7 Skl\u00e1dac\u00ed podlo\u017eka na cvi\u010den\u00ed PLUFSIG 1\u00d7 Tunel na hran\u00ed BUSA K dispozici 1 sestava pro opi\u010d\u00ed dr\u00e1hu Schody ze sady &#8222;Molitanov\u00e1 sada Most&#8220; maj\u00ed natr\u017eenou l\u00e1tku &#8211; v\u00edme o tom, provozu to v\u0161ak nebr\u00e1n\u00ed. \ud83d\ude09 [&hellip;]<\/p>\n","protected":false},"featured_media":665,"comment_status":"open","ping_status":"closed","template":"","meta":{"_monsterinsights_skip_tracking":false,"_monsterinsights_sitenote_active":false,"_monsterinsights_sitenote_note":"","_monsterinsights_sitenote_category":0},"product_brand":[],"product_cat":[20,194],"product_tag":[197],"class_list":{"0":"post-587","1":"product","2":"type-product","3":"status-publish","4":"has-post-thumbnail","6":"product_cat-herni-zona","7":"product_cat-zvyhodnene-balicky","8":"product_tag-opici-draha","10":"first","11":"instock","12":"sold-individually","13":"taxable","14":"shipping-taxable","15":"purchasable","16":"product-type-simple"},"aioseo_notices":[],"_links":{"self":[{"href":"https:\/\/www.mobilnikoutky.cz\/index.php\/wp-json\/wp\/v2\/product\/587","targetHints":{"allow":["GET"]}}],"collection":[{"href":"https:\/\/www.mobilnikoutky.cz\/index.php\/wp-json\/wp\/v2\/product"}],"about":[{"href":"https:\/\/www.mobilnikoutky.cz\/index.php\/wp-json\/wp\/v2\/types\/product"}],"replies":[{"embeddable":true,"href":"https:\/\/www.mobilnikoutky.cz\/index.php\/wp-json\/wp\/v2\/comments?post=587"}],"wp:featuredmedia":[{"embeddable":true,"href":"https:\/\/www.mobilnikoutky.cz\/index.php\/wp-json\/wp\/v2\/media\/665"}],"wp:attachment":[{"href":"https:\/\/www.mobilnikoutky.cz\/index.php\/wp-json\/wp\/v2\/media?parent=587"}],"wp:term":[{"taxonomy":"product_brand","embeddable":true,"href":"https:\/\/www.mobilnikoutky.cz\/index.php\/wp-json\/wp\/v2\/product_brand?post=587"},{"taxonomy":"product_cat","embeddable":true,"href":"https:\/\/www.mobilnikoutky.cz\/index.php\/wp-json\/wp\/v2\/product_cat?post=587"},{"taxonomy":"product_tag","embeddable":true,"href":"https:\/\/www.mobilnikoutky.cz\/index.php\/wp-json\/wp\/v2\/product_tag?post=587"}],"curies":[{"name":"wp","href":"https:\/\/api.w.org\/{rel}","templated":true}]}}