{"id":585,"date":"2019-02-04T10:45:33","date_gmt":"2019-02-04T09:45:33","guid":{"rendered":"https:\/\/www.mobilnikoutky.cz\/?post_type=product&#038;p=585"},"modified":"2026-04-15T08:49:56","modified_gmt":"2026-04-15T06:49:56","slug":"skluzavka-dinosaurus","status":"publish","type":"product","link":"https:\/\/www.mobilnikoutky.cz\/index.php\/produkt\/skluzavka-dinosaurus\/","title":{"rendered":"Skluzavka dinosaurus"},"content":{"rendered":"<div class=\"woocommerce-product-details__short-description\">\n<p>Skluzavka pro nejmen\u0161\u00ed d\u011bti. Lze vyu\u017e\u00edt uvnit\u0159 i venku. Pom\u016f\u017ee d\u011btem natr\u00e9novat rovnov\u00e1hu a koordinaci pohyb\u016f. Skluzavka d\u011bti udr\u017e\u00ed v pohybu po dlouhou dobu.<\/p>\n<div class=\"ns4p8fja j83agx80 cbu4d94t a6sixzi8 bkfpd7mw jit8km0v nred35xi\" role=\"none\">\n<div class=\"ll8tlv6m j83agx80 cbu4d94t d2edcug0 l9j0dhe7\">\n<div class=\"j83agx80 k4urcfbm\" role=\"none\">\n<div class=\"l60d2q6s d1544ag0 sj5x9vvc tw6a2znq l9j0dhe7 ni8dbmo4 stjgntxs e72ty7fz qlfml3jp inkptoze qttc61fc jm1wdb64 qv66sw1b ljqsnud1 odn2s2vf tkr6xdv7\" role=\"none\">\n<div class=\"rq0escxv l9j0dhe7 du4w35lb __fb-light-mode\" role=\"none\">\n<ul>\n<li dir=\"auto\" role=\"none\">Barva: oran\u017eov\u00e1<\/li>\n<li class=\"oo9gr5id ii04i59q\" dir=\"auto\" role=\"none\">Rozm\u011bry: \u0161\u00ed\u0159ka 117,5 cm, v\u00fd\u0161ka 68 cm, hloubka 92 cm, skluzn\u00e1 plocha 118 cm<\/li>\n<li class=\"oo9gr5id ii04i59q\" dir=\"auto\" role=\"none\">V\u00e1ha v\u00fdrobku: 5,4 kg<\/li>\n<li class=\"oo9gr5id ii04i59q\" dir=\"auto\" role=\"none\">K dispozici 2 kusy<\/li>\n<\/ul>\n<\/div>\n<\/div>\n<\/div>\n<\/div>\n<\/div>\n<\/div>\n","protected":false},"excerpt":{"rendered":"<div class=\"woocommerce-product-details__short-description\">\n<p data-pm-slice=\"1 1 []\">Uveden\u00e1 cena je za d\u00e9lku pron\u00e1jmu do 5 dn\u016f.<\/p>\n<\/div>\n<form class=\"cart\" enctype=\"multipart\/form-data\" method=\"post\">\n<div class=\"quantity\"><\/div>\n<\/form>\n","protected":false},"featured_media":586,"comment_status":"open","ping_status":"closed","template":"","meta":{"_monsterinsights_skip_tracking":false,"_monsterinsights_sitenote_active":false,"_monsterinsights_sitenote_note":"","_monsterinsights_sitenote_category":0},"product_brand":[],"product_cat":[20],"product_tag":[],"class_list":{"0":"post-585","1":"product","2":"type-product","3":"status-publish","4":"has-post-thumbnail","6":"product_cat-herni-zona","8":"first","9":"instock","10":"taxable","11":"shipping-taxable","12":"purchasable","13":"product-type-simple"},"aioseo_notices":[],"_links":{"self":[{"href":"https:\/\/www.mobilnikoutky.cz\/index.php\/wp-json\/wp\/v2\/product\/585","targetHints":{"allow":["GET"]}}],"collection":[{"href":"https:\/\/www.mobilnikoutky.cz\/index.php\/wp-json\/wp\/v2\/product"}],"about":[{"href":"https:\/\/www.mobilnikoutky.cz\/index.php\/wp-json\/wp\/v2\/types\/product"}],"replies":[{"embeddable":true,"href":"https:\/\/www.mobilnikoutky.cz\/index.php\/wp-json\/wp\/v2\/comments?post=585"}],"wp:featuredmedia":[{"embeddable":true,"href":"https:\/\/www.mobilnikoutky.cz\/index.php\/wp-json\/wp\/v2\/media\/586"}],"wp:attachment":[{"href":"https:\/\/www.mobilnikoutky.cz\/index.php\/wp-json\/wp\/v2\/media?parent=585"}],"wp:term":[{"taxonomy":"product_brand","embeddable":true,"href":"https:\/\/www.mobilnikoutky.cz\/index.php\/wp-json\/wp\/v2\/product_brand?post=585"},{"taxonomy":"product_cat","embeddable":true,"href":"https:\/\/www.mobilnikoutky.cz\/index.php\/wp-json\/wp\/v2\/product_cat?post=585"},{"taxonomy":"product_tag","embeddable":true,"href":"https:\/\/www.mobilnikoutky.cz\/index.php\/wp-json\/wp\/v2\/product_tag?post=585"}],"curies":[{"name":"wp","href":"https:\/\/api.w.org\/{rel}","templated":true}]}}