{"id":396,"date":"2018-01-18T12:25:46","date_gmt":"2018-01-18T11:25:46","guid":{"rendered":"http:\/\/www.mobilnikoutky.cz\/?post_type=product&#038;p=396"},"modified":"2026-04-15T08:53:39","modified_gmt":"2026-04-15T06:53:39","slug":"mix-sportovniho-vybaveni","status":"publish","type":"product","link":"https:\/\/www.mobilnikoutky.cz\/index.php\/produkt\/mix-sportovniho-vybaveni\/","title":{"rendered":"Sportovn\u00ed vybaven\u00ed"},"content":{"rendered":"<p>Sada pro sport obsahuje vybaven\u00ed dle aktu\u00e1ln\u00ed skladov\u00e9 dostupnosti, p\u0159\u00edpadn\u011b specifikace v popt\u00e1vce:<\/p>\n<ul>\n<li>m\u00ed\u010de<\/li>\n<li>l\u00e9taj\u00edc\u00ed tal\u00ed\u0159e<\/li>\n<li>sady pro badminton<\/li>\n<li>\u0161vihadla<\/li>\n<li>vyty\u010dovac\u00ed mety<\/li>\n<li>a dal\u0161\u00ed<\/li>\n<\/ul>\n","protected":false},"excerpt":{"rendered":"<p data-pm-slice=\"1 1 []\">Uveden\u00e1 cena je za d\u00e9lku pron\u00e1jmu do 5 dn\u016f.<\/p>\n","protected":false},"featured_media":397,"comment_status":"open","ping_status":"closed","template":"","meta":{"_monsterinsights_skip_tracking":false,"_monsterinsights_sitenote_active":false,"_monsterinsights_sitenote_note":"","_monsterinsights_sitenote_category":0},"product_brand":[],"product_cat":[20,25],"product_tag":[187,190,103,105,188,186,181,189,104],"class_list":{"0":"post-396","1":"product","2":"type-product","3":"status-publish","4":"has-post-thumbnail","6":"product_cat-herni-zona","7":"product_cat-ostatni","8":"product_tag-balon","9":"product_tag-frisbee","10":"product_tag-hra","11":"product_tag-hry","12":"product_tag-letajaci-talir","13":"product_tag-mic","14":"product_tag-sport","15":"product_tag-talir","16":"product_tag-zabava","18":"first","19":"instock","20":"taxable","21":"shipping-taxable","22":"purchasable","23":"product-type-simple"},"aioseo_notices":[],"_links":{"self":[{"href":"https:\/\/www.mobilnikoutky.cz\/index.php\/wp-json\/wp\/v2\/product\/396","targetHints":{"allow":["GET"]}}],"collection":[{"href":"https:\/\/www.mobilnikoutky.cz\/index.php\/wp-json\/wp\/v2\/product"}],"about":[{"href":"https:\/\/www.mobilnikoutky.cz\/index.php\/wp-json\/wp\/v2\/types\/product"}],"replies":[{"embeddable":true,"href":"https:\/\/www.mobilnikoutky.cz\/index.php\/wp-json\/wp\/v2\/comments?post=396"}],"wp:featuredmedia":[{"embeddable":true,"href":"https:\/\/www.mobilnikoutky.cz\/index.php\/wp-json\/wp\/v2\/media\/397"}],"wp:attachment":[{"href":"https:\/\/www.mobilnikoutky.cz\/index.php\/wp-json\/wp\/v2\/media?parent=396"}],"wp:term":[{"taxonomy":"product_brand","embeddable":true,"href":"https:\/\/www.mobilnikoutky.cz\/index.php\/wp-json\/wp\/v2\/product_brand?post=396"},{"taxonomy":"product_cat","embeddable":true,"href":"https:\/\/www.mobilnikoutky.cz\/index.php\/wp-json\/wp\/v2\/product_cat?post=396"},{"taxonomy":"product_tag","embeddable":true,"href":"https:\/\/www.mobilnikoutky.cz\/index.php\/wp-json\/wp\/v2\/product_tag?post=396"}],"curies":[{"name":"wp","href":"https:\/\/api.w.org\/{rel}","templated":true}]}}