{"id":244,"date":"2018-01-17T11:26:08","date_gmt":"2018-01-17T10:26:08","guid":{"rendered":"http:\/\/www.mobilnikoutky.cz\/index.php\/produkt\/zidle-skladaci-gunde\/"},"modified":"2023-12-21T01:02:28","modified_gmt":"2023-12-21T00:02:28","slug":"zidle-skladaci-gunde","status":"publish","type":"product","link":"https:\/\/www.mobilnikoutky.cz\/index.php\/produkt\/zidle-skladaci-gunde\/","title":{"rendered":"\u017didle skl\u00e1dac\u00ed GUNDE"},"content":{"rendered":"<p>Skl\u00e1dac\u00ed \u017eidle pro dosp\u011bl\u00e9 \u010di star\u0161\u00ed d\u011bti. P\u0159i st\u011bhov\u00e1n\u00ed zab\u00edr\u00e1 m\u00e1lo m\u00edsta.<\/p>\n<ul>\n<li>Barva: b\u00edl\u00e1<\/li>\n<li>Materi\u00e1l: plast<\/li>\n<li>K dispozici 8 kus\u016f<\/li>\n<\/ul>\n","protected":false},"excerpt":{"rendered":"<p>Skl\u00e1dac\u00ed \u017eidle pro dosp\u011bl\u00e9 \u010di star\u0161\u00ed d\u011bti. P\u0159i st\u011bhov\u00e1n\u00ed zab\u00edr\u00e1 m\u00e1lo m\u00edsta. Barva: b\u00edl\u00e1 Materi\u00e1l: plast K dispozici 8 kus\u016f<\/p>\n","protected":false},"featured_media":252,"comment_status":"open","ping_status":"closed","template":"","meta":{"_monsterinsights_skip_tracking":false,"_monsterinsights_sitenote_active":false,"_monsterinsights_sitenote_note":"","_monsterinsights_sitenote_category":0},"product_brand":[],"product_cat":[21],"product_tag":[92,81,91,78],"class_list":{"0":"post-244","1":"product","2":"type-product","3":"status-publish","4":"has-post-thumbnail","6":"product_cat-nabytek","7":"product_tag-gunde","8":"product_tag-ikea","9":"product_tag-skladaci","10":"product_tag-zidle","12":"first","13":"instock","14":"taxable","15":"shipping-taxable","16":"purchasable","17":"product-type-simple"},"aioseo_notices":[],"_links":{"self":[{"href":"https:\/\/www.mobilnikoutky.cz\/index.php\/wp-json\/wp\/v2\/product\/244","targetHints":{"allow":["GET"]}}],"collection":[{"href":"https:\/\/www.mobilnikoutky.cz\/index.php\/wp-json\/wp\/v2\/product"}],"about":[{"href":"https:\/\/www.mobilnikoutky.cz\/index.php\/wp-json\/wp\/v2\/types\/product"}],"replies":[{"embeddable":true,"href":"https:\/\/www.mobilnikoutky.cz\/index.php\/wp-json\/wp\/v2\/comments?post=244"}],"wp:featuredmedia":[{"embeddable":true,"href":"https:\/\/www.mobilnikoutky.cz\/index.php\/wp-json\/wp\/v2\/media\/252"}],"wp:attachment":[{"href":"https:\/\/www.mobilnikoutky.cz\/index.php\/wp-json\/wp\/v2\/media?parent=244"}],"wp:term":[{"taxonomy":"product_brand","embeddable":true,"href":"https:\/\/www.mobilnikoutky.cz\/index.php\/wp-json\/wp\/v2\/product_brand?post=244"},{"taxonomy":"product_cat","embeddable":true,"href":"https:\/\/www.mobilnikoutky.cz\/index.php\/wp-json\/wp\/v2\/product_cat?post=244"},{"taxonomy":"product_tag","embeddable":true,"href":"https:\/\/www.mobilnikoutky.cz\/index.php\/wp-json\/wp\/v2\/product_tag?post=244"}],"curies":[{"name":"wp","href":"https:\/\/api.w.org\/{rel}","templated":true}]}}