{"id":241,"date":"2018-01-17T11:26:06","date_gmt":"2018-01-17T10:26:06","guid":{"rendered":"http:\/\/www.mobilnikoutky.cz\/index.php\/produkt\/vysoka-jidelni-zidle-sedees\/"},"modified":"2026-04-15T08:57:42","modified_gmt":"2026-04-15T06:57:42","slug":"vysoka-jidelni-zidle-sedees","status":"publish","type":"product","link":"https:\/\/www.mobilnikoutky.cz\/index.php\/produkt\/vysoka-jidelni-zidle-sedees\/","title":{"rendered":"Vysok\u00e1 j\u00eddeln\u00ed \u017eidle SEDEES"},"content":{"rendered":"<p>D\u011btsk\u00e1 d\u0159ev\u011bn\u00e1 rostouc\u00ed \u017eidle \u017elut\u00e1 se srd\u00ed\u010dkem, nastaviteln\u00e1 v\u00fd\u0161ka i hloubka sed\u00e1tka i podno\u017eky, pevn\u00e1 opora nohou pro zdrav\u00e9 dr\u017een\u00ed t\u011bla, tvarovan\u00e1 op\u011brka zad pro pohodln\u00e9 sezen\u00ed, stabiln\u00ed a bezpe\u010dn\u00e1 &#8211; certifikace dle evropsk\u00e9 normy pro d\u011btsk\u00e9 vysok\u00e9 \u017eidle z kvalitn\u00edch p\u0159\u00edrodn\u00edch materi\u00e1l\u016f &#8211; bukov\u00fd a vrstven\u00fd bukov\u00fd masiv &#8211; odoln\u00e9 d\u0159evo, nosnost min. 100 kg.<\/p>\n<p>Skladem 2 ks.<\/p>\n","protected":false},"excerpt":{"rendered":"<p data-pm-slice=\"1 1 []\">Uveden\u00e1 cena je za d\u00e9lku pron\u00e1jmu do 5 dn\u016f.<\/p>\n","protected":false},"featured_media":267,"comment_status":"open","ping_status":"closed","template":"","meta":{"_monsterinsights_skip_tracking":false,"_monsterinsights_sitenote_active":false,"_monsterinsights_sitenote_note":"","_monsterinsights_sitenote_category":0},"product_brand":[],"product_cat":[16,21],"product_tag":[77,76,82,78,79],"class_list":{"0":"post-241","1":"product","2":"type-product","3":"status-publish","4":"has-post-thumbnail","6":"product_cat-kojici-koutek","7":"product_cat-nabytek","8":"product_tag-jidelni","9":"product_tag-jidlo","10":"product_tag-sedees","11":"product_tag-zidle","12":"product_tag-zidlicka","14":"first","15":"instock","16":"taxable","17":"shipping-taxable","18":"purchasable","19":"product-type-simple"},"aioseo_notices":[],"_links":{"self":[{"href":"https:\/\/www.mobilnikoutky.cz\/index.php\/wp-json\/wp\/v2\/product\/241","targetHints":{"allow":["GET"]}}],"collection":[{"href":"https:\/\/www.mobilnikoutky.cz\/index.php\/wp-json\/wp\/v2\/product"}],"about":[{"href":"https:\/\/www.mobilnikoutky.cz\/index.php\/wp-json\/wp\/v2\/types\/product"}],"replies":[{"embeddable":true,"href":"https:\/\/www.mobilnikoutky.cz\/index.php\/wp-json\/wp\/v2\/comments?post=241"}],"wp:featuredmedia":[{"embeddable":true,"href":"https:\/\/www.mobilnikoutky.cz\/index.php\/wp-json\/wp\/v2\/media\/267"}],"wp:attachment":[{"href":"https:\/\/www.mobilnikoutky.cz\/index.php\/wp-json\/wp\/v2\/media?parent=241"}],"wp:term":[{"taxonomy":"product_brand","embeddable":true,"href":"https:\/\/www.mobilnikoutky.cz\/index.php\/wp-json\/wp\/v2\/product_brand?post=241"},{"taxonomy":"product_cat","embeddable":true,"href":"https:\/\/www.mobilnikoutky.cz\/index.php\/wp-json\/wp\/v2\/product_cat?post=241"},{"taxonomy":"product_tag","embeddable":true,"href":"https:\/\/www.mobilnikoutky.cz\/index.php\/wp-json\/wp\/v2\/product_tag?post=241"}],"curies":[{"name":"wp","href":"https:\/\/api.w.org\/{rel}","templated":true}]}}