{"id":239,"date":"2018-01-17T11:26:05","date_gmt":"2018-01-17T10:26:05","guid":{"rendered":"http:\/\/www.mobilnikoutky.cz\/index.php\/produkt\/vysoka-jidelni-zidle-antilop\/"},"modified":"2026-04-15T08:59:02","modified_gmt":"2026-04-15T06:59:02","slug":"vysoka-jidelni-zidle-antilop","status":"publish","type":"product","link":"https:\/\/www.mobilnikoutky.cz\/index.php\/produkt\/vysoka-jidelni-zidle-antilop\/","title":{"rendered":"Vysok\u00e1 j\u00eddeln\u00ed \u017eidle ANTILOP"},"content":{"rendered":"<p>Vysokou \u017eidli ANTILOP snadno rozlo\u017e\u00edte a p\u0159enesete, tak\u017ee va\u0161e d\u00edt\u011b bude sed\u011bt v bezpe\u010d\u00ed a v pohodl\u00ed, a\u0165 u\u017e jste doma, u kamar\u00e1dky nebo na j\u00eddle v restauraci. Stohovateln\u00e1.<\/p>\n<ul>\n<li>Rozm\u011bry: \u0161\u00ed\u0159ka sed\u00e1ku: 25 cm, hloubka sed\u00e1ku: 21 cm, v\u00fd\u0161ka sed\u00e1ku: 55 cm.<\/li>\n<li>Barva: b\u00edl\u00e1<\/li>\n<li>Materi\u00e1l: plast<\/li>\n<li>K dispozici 4 kusy<\/li>\n<\/ul>\n","protected":false},"excerpt":{"rendered":"<p data-pm-slice=\"1 1 []\">Uveden\u00e1 cena je za d\u00e9lku pron\u00e1jmu do 5 dn\u016f.<\/p>\n","protected":false},"featured_media":266,"comment_status":"open","ping_status":"closed","template":"","meta":{"_monsterinsights_skip_tracking":false,"_monsterinsights_sitenote_active":false,"_monsterinsights_sitenote_note":"","_monsterinsights_sitenote_category":0},"product_brand":[],"product_cat":[16,21],"product_tag":[83,81,77,76,78,79],"class_list":{"0":"post-239","1":"product","2":"type-product","3":"status-publish","4":"has-post-thumbnail","6":"product_cat-kojici-koutek","7":"product_cat-nabytek","8":"product_tag-antilop","9":"product_tag-ikea","10":"product_tag-jidelni","11":"product_tag-jidlo","12":"product_tag-zidle","13":"product_tag-zidlicka","15":"first","16":"instock","17":"taxable","18":"shipping-taxable","19":"purchasable","20":"product-type-simple"},"aioseo_notices":[],"_links":{"self":[{"href":"https:\/\/www.mobilnikoutky.cz\/index.php\/wp-json\/wp\/v2\/product\/239","targetHints":{"allow":["GET"]}}],"collection":[{"href":"https:\/\/www.mobilnikoutky.cz\/index.php\/wp-json\/wp\/v2\/product"}],"about":[{"href":"https:\/\/www.mobilnikoutky.cz\/index.php\/wp-json\/wp\/v2\/types\/product"}],"replies":[{"embeddable":true,"href":"https:\/\/www.mobilnikoutky.cz\/index.php\/wp-json\/wp\/v2\/comments?post=239"}],"wp:featuredmedia":[{"embeddable":true,"href":"https:\/\/www.mobilnikoutky.cz\/index.php\/wp-json\/wp\/v2\/media\/266"}],"wp:attachment":[{"href":"https:\/\/www.mobilnikoutky.cz\/index.php\/wp-json\/wp\/v2\/media?parent=239"}],"wp:term":[{"taxonomy":"product_brand","embeddable":true,"href":"https:\/\/www.mobilnikoutky.cz\/index.php\/wp-json\/wp\/v2\/product_brand?post=239"},{"taxonomy":"product_cat","embeddable":true,"href":"https:\/\/www.mobilnikoutky.cz\/index.php\/wp-json\/wp\/v2\/product_cat?post=239"},{"taxonomy":"product_tag","embeddable":true,"href":"https:\/\/www.mobilnikoutky.cz\/index.php\/wp-json\/wp\/v2\/product_tag?post=239"}],"curies":[{"name":"wp","href":"https:\/\/api.w.org\/{rel}","templated":true}]}}