{"id":238,"date":"2018-01-17T11:26:04","date_gmt":"2018-01-17T10:26:04","guid":{"rendered":"http:\/\/www.mobilnikoutky.cz\/index.php\/produkt\/bazen-ctvercovy-ctyrbarevny-bez-micku\/"},"modified":"2026-04-15T08:59:35","modified_gmt":"2026-04-15T06:59:35","slug":"bazen-ctvercovy-ctyrbarevny-bez-micku","status":"publish","type":"product","link":"https:\/\/www.mobilnikoutky.cz\/index.php\/produkt\/bazen-ctvercovy-ctyrbarevny-bez-micku\/","title":{"rendered":"Baz\u00e9n \u010dtvercov\u00fd \u010dty\u0159barevn\u00fd"},"content":{"rendered":"<p><strong>D\u016eLE\u017dIT\u00c9: Baz\u00e9n je pln\u011b funk\u010dn\u00ed a vy\u010di\u0161t\u011bn\u00fd. Je v\u0161ak ji\u017e star\u0161\u00ed a jsou na n\u011bm viditeln\u00e9 zn\u00e1mky opot\u0159eben\u00ed &#8211; mal\u00e9 trhliny a fleky, kter\u00e9 nejdou odstranit.<\/strong><\/p>\n<p>Baz\u00e9n je vyroben z pevn\u00e9ho molitanu a kvalitn\u00edho nepropustn\u00e9ho polyamidu. Zap\u00edn\u00e1n\u00ed jednotliv\u00fdch d\u00edl\u016f je na spir\u00e1lov\u00fd zip. Povrch lze om\u00fdvat a v p\u0159\u00edpad\u011b v\u011bt\u0161\u00edho zne\u010di\u0161t\u011bn\u00ed jednodu\u0161e sundat a vyprat. Jednotliv\u00e9 d\u00edly jsou spojeny chlopn\u011bmi se such\u00fdmi zipy. Na dn\u011b je \u017e\u00edn\u011bnka siln\u00e1 5 cm. Na st\u011bny baz\u00e9nu lze pohodln\u011b sedat. Baz\u00e9n se d\u00e1 rozebrat pro snadn\u011bj\u0161\u00ed p\u0159emis\u0165ov\u00e1n\u00ed a p\u0159\u00edpadn\u00e9 uskladn\u011bn\u00ed.<\/p>\n<ul>\n<li>Vn\u011bj\u0161\u00ed rozm\u011bry: 240\u00d7240\u00d750 cm<\/li>\n<li>S\u00edla st\u011bny: 20 cm<\/li>\n<li>Vnit\u0159n\u00ed rozm\u011bry: 200\u00d7200 cm<\/li>\n<li>Vhodn\u00fd pro cca 4000 kus\u016f m\u00ed\u010dk\u016f<\/li>\n<\/ul>\n<p>K dispozici 1 kus<\/p>\n","protected":false},"excerpt":{"rendered":"<p data-pm-slice=\"1 1 []\">Uveden\u00e1 cena je za d\u00e9lku pron\u00e1jmu do 5 dn\u016f.<\/p>\n","protected":false},"featured_media":273,"comment_status":"open","ping_status":"closed","template":"","meta":{"_monsterinsights_skip_tracking":false,"_monsterinsights_sitenote_active":false,"_monsterinsights_sitenote_note":"","_monsterinsights_sitenote_category":0},"product_brand":[],"product_cat":[20],"product_tag":[100,103,102,101,104],"class_list":{"0":"post-238","1":"product","2":"type-product","3":"status-publish","4":"has-post-thumbnail","6":"product_cat-herni-zona","7":"product_tag-bazen","8":"product_tag-hra","9":"product_tag-kulicky","10":"product_tag-micky","11":"product_tag-zabava","13":"first","14":"instock","15":"sale","16":"sold-individually","17":"taxable","18":"shipping-taxable","19":"purchasable","20":"product-type-simple"},"aioseo_notices":[],"_links":{"self":[{"href":"https:\/\/www.mobilnikoutky.cz\/index.php\/wp-json\/wp\/v2\/product\/238","targetHints":{"allow":["GET"]}}],"collection":[{"href":"https:\/\/www.mobilnikoutky.cz\/index.php\/wp-json\/wp\/v2\/product"}],"about":[{"href":"https:\/\/www.mobilnikoutky.cz\/index.php\/wp-json\/wp\/v2\/types\/product"}],"replies":[{"embeddable":true,"href":"https:\/\/www.mobilnikoutky.cz\/index.php\/wp-json\/wp\/v2\/comments?post=238"}],"wp:featuredmedia":[{"embeddable":true,"href":"https:\/\/www.mobilnikoutky.cz\/index.php\/wp-json\/wp\/v2\/media\/273"}],"wp:attachment":[{"href":"https:\/\/www.mobilnikoutky.cz\/index.php\/wp-json\/wp\/v2\/media?parent=238"}],"wp:term":[{"taxonomy":"product_brand","embeddable":true,"href":"https:\/\/www.mobilnikoutky.cz\/index.php\/wp-json\/wp\/v2\/product_brand?post=238"},{"taxonomy":"product_cat","embeddable":true,"href":"https:\/\/www.mobilnikoutky.cz\/index.php\/wp-json\/wp\/v2\/product_cat?post=238"},{"taxonomy":"product_tag","embeddable":true,"href":"https:\/\/www.mobilnikoutky.cz\/index.php\/wp-json\/wp\/v2\/product_tag?post=238"}],"curies":[{"name":"wp","href":"https:\/\/api.w.org\/{rel}","templated":true}]}}