{"id":236,"date":"2018-01-17T11:26:03","date_gmt":"2018-01-17T10:26:03","guid":{"rendered":"http:\/\/www.mobilnikoutky.cz\/index.php\/produkt\/penove-puzzle-abeceda\/"},"modified":"2026-04-15T09:00:11","modified_gmt":"2026-04-15T07:00:11","slug":"penove-puzzle-abeceda","status":"publish","type":"product","link":"https:\/\/www.mobilnikoutky.cz\/index.php\/produkt\/penove-puzzle-abeceda\/","title":{"rendered":"P\u011bnov\u00e9 puzzle abeceda"},"content":{"rendered":"<p>P\u011bnov\u00e9 puzzle \/podlo\u017eka &#8211; barevn\u00e9 \u010dtverce s p\u00edsmenky.<\/p>\n<p>Balen\u00ed obsahuje 25 kus\u016f, kter\u00e9 lze snadno slo\u017eit do sebe a vytvo\u0159it form\u00e1t podlo\u017eky dle aktu\u00e1ln\u00ed pot\u0159eby. P\u011bnov\u00e9 podlahov\u00e9 puzzle je m\u011bkk\u00e9, omyvateln\u00e9, zdravotn\u011b nez\u00e1vadn\u00e9, tlum\u00ed hluk a skv\u011ble izoluje. P\u00edsmenka jsou v\u00e1jimateln\u00e1. Vhodn\u00e9 pro d\u011bti od 3 let.<\/p>\n<p>K dispozici v\u00edce sad<\/p>\n","protected":false},"excerpt":{"rendered":"<p data-pm-slice=\"1 1 []\">Uveden\u00e1 cena je za d\u00e9lku pron\u00e1jmu do 5 dn\u016f.<\/p>\n","protected":false},"featured_media":275,"comment_status":"open","ping_status":"closed","template":"","meta":{"_monsterinsights_skip_tracking":false,"_monsterinsights_sitenote_active":false,"_monsterinsights_sitenote_note":"","_monsterinsights_sitenote_category":0},"product_brand":[],"product_cat":[20],"product_tag":[110,111,112,103,105,106,109,108,107,104],"class_list":{"0":"post-236","1":"product","2":"type-product","3":"status-publish","4":"has-post-thumbnail","6":"product_cat-herni-zona","7":"product_tag-abeceda","8":"product_tag-ctverce","9":"product_tag-ctverecky","10":"product_tag-hra","11":"product_tag-hry","12":"product_tag-penove","13":"product_tag-podlozky","14":"product_tag-puzle","15":"product_tag-puzzle","16":"product_tag-zabava","18":"first","19":"instock","20":"taxable","21":"shipping-taxable","22":"purchasable","23":"product-type-simple"},"aioseo_notices":[],"_links":{"self":[{"href":"https:\/\/www.mobilnikoutky.cz\/index.php\/wp-json\/wp\/v2\/product\/236","targetHints":{"allow":["GET"]}}],"collection":[{"href":"https:\/\/www.mobilnikoutky.cz\/index.php\/wp-json\/wp\/v2\/product"}],"about":[{"href":"https:\/\/www.mobilnikoutky.cz\/index.php\/wp-json\/wp\/v2\/types\/product"}],"replies":[{"embeddable":true,"href":"https:\/\/www.mobilnikoutky.cz\/index.php\/wp-json\/wp\/v2\/comments?post=236"}],"wp:featuredmedia":[{"embeddable":true,"href":"https:\/\/www.mobilnikoutky.cz\/index.php\/wp-json\/wp\/v2\/media\/275"}],"wp:attachment":[{"href":"https:\/\/www.mobilnikoutky.cz\/index.php\/wp-json\/wp\/v2\/media?parent=236"}],"wp:term":[{"taxonomy":"product_brand","embeddable":true,"href":"https:\/\/www.mobilnikoutky.cz\/index.php\/wp-json\/wp\/v2\/product_brand?post=236"},{"taxonomy":"product_cat","embeddable":true,"href":"https:\/\/www.mobilnikoutky.cz\/index.php\/wp-json\/wp\/v2\/product_cat?post=236"},{"taxonomy":"product_tag","embeddable":true,"href":"https:\/\/www.mobilnikoutky.cz\/index.php\/wp-json\/wp\/v2\/product_tag?post=236"}],"curies":[{"name":"wp","href":"https:\/\/api.w.org\/{rel}","templated":true}]}}