{"id":233,"date":"2018-01-17T11:26:00","date_gmt":"2018-01-17T10:26:00","guid":{"rendered":"http:\/\/www.mobilnikoutky.cz\/index.php\/produkt\/kojici-polstar\/"},"modified":"2026-04-15T09:45:06","modified_gmt":"2026-04-15T07:45:06","slug":"kojici-polstar","status":"publish","type":"product","link":"https:\/\/www.mobilnikoutky.cz\/index.php\/produkt\/kojici-polstar\/","title":{"rendered":"Kojic\u00ed pol\u0161t\u00e1\u0159"},"content":{"rendered":"<p>Komfortn\u00ed pohodl\u00ed p\u0159i kojen\u00ed jak pro maminku, tak pro miminko, umo\u017e\u0148uje kojen\u00ed ve v\u0161ech poloh\u00e1ch.<\/p>\n","protected":false},"excerpt":{"rendered":"<p data-pm-slice=\"1 1 []\">Uveden\u00e1 cena je za d\u00e9lku pron\u00e1jmu do 5 dn\u016f.<\/p>\n<p>Relaxa\u010dn\u00ed, t\u011bhotensk\u00fd a koj\u00edc\u00ed pol\u0161t\u00e1\u0159<\/p>\n","protected":false},"featured_media":289,"comment_status":"open","ping_status":"closed","template":"","meta":{"_monsterinsights_skip_tracking":false,"_monsterinsights_sitenote_active":false,"_monsterinsights_sitenote_note":"","_monsterinsights_sitenote_category":0},"product_brand":[],"product_cat":[16],"product_tag":[119,120,115,121,122,74,123,124],"class_list":{"0":"post-233","1":"product","2":"type-product","3":"status-publish","4":"has-post-thumbnail","6":"product_cat-kojici-koutek","7":"product_tag-kojici","8":"product_tag-kojit","9":"product_tag-polstar","10":"product_tag-prebalovani","11":"product_tag-prebalovat","12":"product_tag-relax","13":"product_tag-relaxacni","14":"product_tag-tehotensky","16":"first","17":"instock","18":"taxable","19":"shipping-taxable","20":"purchasable","21":"product-type-simple"},"aioseo_notices":[],"_links":{"self":[{"href":"https:\/\/www.mobilnikoutky.cz\/index.php\/wp-json\/wp\/v2\/product\/233","targetHints":{"allow":["GET"]}}],"collection":[{"href":"https:\/\/www.mobilnikoutky.cz\/index.php\/wp-json\/wp\/v2\/product"}],"about":[{"href":"https:\/\/www.mobilnikoutky.cz\/index.php\/wp-json\/wp\/v2\/types\/product"}],"replies":[{"embeddable":true,"href":"https:\/\/www.mobilnikoutky.cz\/index.php\/wp-json\/wp\/v2\/comments?post=233"}],"wp:featuredmedia":[{"embeddable":true,"href":"https:\/\/www.mobilnikoutky.cz\/index.php\/wp-json\/wp\/v2\/media\/289"}],"wp:attachment":[{"href":"https:\/\/www.mobilnikoutky.cz\/index.php\/wp-json\/wp\/v2\/media?parent=233"}],"wp:term":[{"taxonomy":"product_brand","embeddable":true,"href":"https:\/\/www.mobilnikoutky.cz\/index.php\/wp-json\/wp\/v2\/product_brand?post=233"},{"taxonomy":"product_cat","embeddable":true,"href":"https:\/\/www.mobilnikoutky.cz\/index.php\/wp-json\/wp\/v2\/product_cat?post=233"},{"taxonomy":"product_tag","embeddable":true,"href":"https:\/\/www.mobilnikoutky.cz\/index.php\/wp-json\/wp\/v2\/product_tag?post=233"}],"curies":[{"name":"wp","href":"https:\/\/api.w.org\/{rel}","templated":true}]}}