{"id":231,"date":"2018-01-17T11:25:59","date_gmt":"2018-01-17T10:25:59","guid":{"rendered":"http:\/\/www.mobilnikoutky.cz\/index.php\/produkt\/prebalovaci-pult-sniglar\/"},"modified":"2026-05-11T16:34:02","modified_gmt":"2026-05-11T14:34:02","slug":"prebalovaci-pult-sniglar","status":"publish","type":"product","link":"https:\/\/www.mobilnikoutky.cz\/index.php\/produkt\/prebalovaci-pult-sniglar\/","title":{"rendered":"P\u0159ebalovac\u00ed pult SNIGLAR"},"content":{"rendered":"<p>Pohodln\u00e1 v\u00fd\u0161ka pro p\u0159ebalov\u00e1n\u00ed d\u00edt\u011bte. Praktick\u00fd \u00falo\u017en\u00fd prostor nadosah; v\u017edy m\u016f\u017eete va\u0161e d\u011b\u0165\u00e1tko jednou rukou p\u0159idr\u017eovat.<\/p>\n<ul>\n<li>Barva: hn\u011bd\u00e1<\/li>\n<li>Materi\u00e1l: d\u0159evo<\/li>\n<li>Rozm\u011bry: 72\u00d753 cm<\/li>\n<\/ul>\n<p>K dispozici 2 kusy.<\/p>\n","protected":false},"excerpt":{"rendered":"<p>Uveden\u00e1 cena je za d\u00e9lku pron\u00e1jmu do 5 dn\u016f.<\/p>\n","protected":false},"featured_media":293,"comment_status":"open","ping_status":"closed","template":"","meta":{"_monsterinsights_skip_tracking":false,"_monsterinsights_sitenote_active":false,"_monsterinsights_sitenote_note":"","_monsterinsights_sitenote_category":0},"product_brand":[],"product_cat":[16],"product_tag":[81,127,119,120,125,121,122,126,128],"class_list":{"0":"post-231","1":"product","2":"type-product","3":"status-publish","4":"has-post-thumbnail","6":"product_cat-kojici-koutek","7":"product_tag-ikea","8":"product_tag-kojeni","9":"product_tag-kojici","10":"product_tag-kojit","11":"product_tag-prebalovaci","12":"product_tag-prebalovani","13":"product_tag-prebalovat","14":"product_tag-pult","15":"product_tag-sniglar","17":"first","18":"instock","19":"taxable","20":"shipping-taxable","21":"purchasable","22":"product-type-simple"},"aioseo_notices":[],"_links":{"self":[{"href":"https:\/\/www.mobilnikoutky.cz\/index.php\/wp-json\/wp\/v2\/product\/231","targetHints":{"allow":["GET"]}}],"collection":[{"href":"https:\/\/www.mobilnikoutky.cz\/index.php\/wp-json\/wp\/v2\/product"}],"about":[{"href":"https:\/\/www.mobilnikoutky.cz\/index.php\/wp-json\/wp\/v2\/types\/product"}],"replies":[{"embeddable":true,"href":"https:\/\/www.mobilnikoutky.cz\/index.php\/wp-json\/wp\/v2\/comments?post=231"}],"wp:featuredmedia":[{"embeddable":true,"href":"https:\/\/www.mobilnikoutky.cz\/index.php\/wp-json\/wp\/v2\/media\/293"}],"wp:attachment":[{"href":"https:\/\/www.mobilnikoutky.cz\/index.php\/wp-json\/wp\/v2\/media?parent=231"}],"wp:term":[{"taxonomy":"product_brand","embeddable":true,"href":"https:\/\/www.mobilnikoutky.cz\/index.php\/wp-json\/wp\/v2\/product_brand?post=231"},{"taxonomy":"product_cat","embeddable":true,"href":"https:\/\/www.mobilnikoutky.cz\/index.php\/wp-json\/wp\/v2\/product_cat?post=231"},{"taxonomy":"product_tag","embeddable":true,"href":"https:\/\/www.mobilnikoutky.cz\/index.php\/wp-json\/wp\/v2\/product_tag?post=231"}],"curies":[{"name":"wp","href":"https:\/\/api.w.org\/{rel}","templated":true}]}}