{"id":229,"date":"2018-01-17T11:25:58","date_gmt":"2018-01-17T10:25:58","guid":{"rendered":"http:\/\/www.mobilnikoutky.cz\/index.php\/produkt\/malirsky-stojan\/"},"modified":"2023-01-13T13:54:06","modified_gmt":"2023-01-13T12:54:06","slug":"malirsky-stojan","status":"publish","type":"product","link":"https:\/\/www.mobilnikoutky.cz\/index.php\/produkt\/malirsky-stojan\/","title":{"rendered":"Mal\u00ed\u0159sk\u00fd stojan M\u00c5LA"},"content":{"rendered":"<p>Objevujte svou vlastn\u00ed tvo\u0159ivost jako profesion\u00e1ln\u00ed um\u011blec. Vyberte si podklad \u2013 \u010dernou tabuli, b\u00edlou tabuli nebo pap\u00edr na kreslen\u00ed. Stojan m\u016f\u017eete slo\u017eit naplocho a snadno jej nastav\u00edte, jak pot\u0159ebujete.<\/p>\n<p>Z\u00e1p\u016fj\u010dka bez k\u0159\u00edd a fix\u016f.<\/p>\n<ul>\n<li>Barva: hn\u011bd\u00e1<\/li>\n<li>Materi\u00e1l: d\u0159evo<\/li>\n<li>Rozm\u011bry: d<span class=\"range-revamp-product-dimensions__measurement-name\">\u00e9lka:\u00a0<\/span>66 cm, \u0161<span class=\"range-revamp-product-dimensions__measurement-name\">\u00ed\u0159ka:\u00a0<\/span>48 cm, v<span class=\"range-revamp-product-dimensions__measurement-name\">\u00fd\u0161ka:\u00a0<\/span>112 cm<\/li>\n<li>K dispozici 3 kusy<\/li>\n<\/ul>\n","protected":false},"excerpt":{"rendered":"<p>Objevujte svou vlastn\u00ed tvo\u0159ivost jako profesion\u00e1ln\u00ed um\u011blec. Vyberte si podklad \u2013 \u010dernou tabuli, b\u00edlou tabuli nebo pap\u00edr na kreslen\u00ed. Stojan m\u016f\u017eete slo\u017eit naplocho a snadno jej nastav\u00edte, jak pot\u0159ebujete. Z\u00e1p\u016fj\u010dka bez k\u0159\u00edd a fix\u016f. Barva: hn\u011bd\u00e1 Materi\u00e1l: d\u0159evo Rozm\u011bry: d\u00e9lka:\u00a066 cm, \u0161\u00ed\u0159ka:\u00a048 cm, v\u00fd\u0161ka:\u00a0112 cm K dispozici 3 kusy<\/p>\n","protected":false},"featured_media":371,"comment_status":"open","ping_status":"closed","template":"","meta":{"_monsterinsights_skip_tracking":false,"_monsterinsights_sitenote_active":false,"_monsterinsights_sitenote_note":"","_monsterinsights_sitenote_category":0},"product_brand":[],"product_cat":[21],"product_tag":[81,164,162,161,134,163],"class_list":{"0":"post-229","1":"product","2":"type-product","3":"status-publish","4":"has-post-thumbnail","6":"product_cat-nabytek","7":"product_tag-ikea","8":"product_tag-kresleni","9":"product_tag-malirsky","10":"product_tag-malovani","11":"product_tag-nabytek","12":"product_tag-stojan","14":"first","15":"instock","16":"taxable","17":"shipping-taxable","18":"purchasable","19":"product-type-simple"},"aioseo_notices":[],"_links":{"self":[{"href":"https:\/\/www.mobilnikoutky.cz\/index.php\/wp-json\/wp\/v2\/product\/229","targetHints":{"allow":["GET"]}}],"collection":[{"href":"https:\/\/www.mobilnikoutky.cz\/index.php\/wp-json\/wp\/v2\/product"}],"about":[{"href":"https:\/\/www.mobilnikoutky.cz\/index.php\/wp-json\/wp\/v2\/types\/product"}],"replies":[{"embeddable":true,"href":"https:\/\/www.mobilnikoutky.cz\/index.php\/wp-json\/wp\/v2\/comments?post=229"}],"wp:featuredmedia":[{"embeddable":true,"href":"https:\/\/www.mobilnikoutky.cz\/index.php\/wp-json\/wp\/v2\/media\/371"}],"wp:attachment":[{"href":"https:\/\/www.mobilnikoutky.cz\/index.php\/wp-json\/wp\/v2\/media?parent=229"}],"wp:term":[{"taxonomy":"product_brand","embeddable":true,"href":"https:\/\/www.mobilnikoutky.cz\/index.php\/wp-json\/wp\/v2\/product_brand?post=229"},{"taxonomy":"product_cat","embeddable":true,"href":"https:\/\/www.mobilnikoutky.cz\/index.php\/wp-json\/wp\/v2\/product_cat?post=229"},{"taxonomy":"product_tag","embeddable":true,"href":"https:\/\/www.mobilnikoutky.cz\/index.php\/wp-json\/wp\/v2\/product_tag?post=229"}],"curies":[{"name":"wp","href":"https:\/\/api.w.org\/{rel}","templated":true}]}}