{"id":227,"date":"2018-01-17T11:25:56","date_gmt":"2018-01-17T10:25:56","guid":{"rendered":"http:\/\/www.mobilnikoutky.cz\/index.php\/produkt\/detsky-stul-mammut-obdelnikovy\/"},"modified":"2026-04-15T09:48:07","modified_gmt":"2026-04-15T07:48:07","slug":"detsky-stul-mammut-obdelnikovy","status":"publish","type":"product","link":"https:\/\/www.mobilnikoutky.cz\/index.php\/produkt\/detsky-stul-mammut-obdelnikovy\/","title":{"rendered":"D\u011btsk\u00fd st\u016fl MAMMUT obd\u00e9ln\u00edkov\u00fd"},"content":{"rendered":"<p>Odoln\u00e1 a p\u0159itom lehk\u00e1 s\u00e9rie MAMMUT vydr\u017e\u00ed p\u016fsoben\u00ed p\u0159\u00edrodn\u00edch \u017eivl\u016f i \u017eiveln\u00e9 hran\u00ed va\u0161ich d\u011bt\u00ed. Hod\u00ed se na venkovn\u00ed pou\u017eit\u00ed a snadno se \u010dist\u00ed, kdy\u017e je pot\u0159eba ji vz\u00edt dovnit\u0159.<\/p>\n<ul>\n<li>Barva: \u010derven\u00e1<\/li>\n<li>Materi\u00e1l: plast<\/li>\n<li>Rozm\u011bry: 77\u00d755 cm<\/li>\n<li>K dispozici 1 kus<\/li>\n<\/ul>\n","protected":false},"excerpt":{"rendered":"<p>Uveden\u00e1 cena je za d\u00e9lku pron\u00e1jmu do 5 dn\u016f.<\/p>\n","protected":false},"featured_media":642,"comment_status":"open","ping_status":"closed","template":"","meta":{"_monsterinsights_skip_tracking":false,"_monsterinsights_sitenote_active":false,"_monsterinsights_sitenote_note":"","_monsterinsights_sitenote_category":0},"product_brand":[],"product_cat":[21],"product_tag":[135,81,132,133,134,131,130,129],"class_list":{"0":"post-227","1":"product","2":"type-product","3":"status-publish","4":"has-post-thumbnail","6":"product_cat-nabytek","7":"product_tag-detsky","8":"product_tag-ikea","9":"product_tag-mammut","10":"product_tag-mamut","11":"product_tag-nabytek","12":"product_tag-stolecek","13":"product_tag-stolek","14":"product_tag-stul","16":"first","17":"instock","18":"taxable","19":"shipping-taxable","20":"purchasable","21":"product-type-simple"},"aioseo_notices":[],"_links":{"self":[{"href":"https:\/\/www.mobilnikoutky.cz\/index.php\/wp-json\/wp\/v2\/product\/227","targetHints":{"allow":["GET"]}}],"collection":[{"href":"https:\/\/www.mobilnikoutky.cz\/index.php\/wp-json\/wp\/v2\/product"}],"about":[{"href":"https:\/\/www.mobilnikoutky.cz\/index.php\/wp-json\/wp\/v2\/types\/product"}],"replies":[{"embeddable":true,"href":"https:\/\/www.mobilnikoutky.cz\/index.php\/wp-json\/wp\/v2\/comments?post=227"}],"wp:featuredmedia":[{"embeddable":true,"href":"https:\/\/www.mobilnikoutky.cz\/index.php\/wp-json\/wp\/v2\/media\/642"}],"wp:attachment":[{"href":"https:\/\/www.mobilnikoutky.cz\/index.php\/wp-json\/wp\/v2\/media?parent=227"}],"wp:term":[{"taxonomy":"product_brand","embeddable":true,"href":"https:\/\/www.mobilnikoutky.cz\/index.php\/wp-json\/wp\/v2\/product_brand?post=227"},{"taxonomy":"product_cat","embeddable":true,"href":"https:\/\/www.mobilnikoutky.cz\/index.php\/wp-json\/wp\/v2\/product_cat?post=227"},{"taxonomy":"product_tag","embeddable":true,"href":"https:\/\/www.mobilnikoutky.cz\/index.php\/wp-json\/wp\/v2\/product_tag?post=227"}],"curies":[{"name":"wp","href":"https:\/\/api.w.org\/{rel}","templated":true}]}}