{"id":226,"date":"2018-01-17T11:25:56","date_gmt":"2018-01-17T10:25:56","guid":{"rendered":"http:\/\/www.mobilnikoutky.cz\/index.php\/produkt\/detska-stolicka-mammut\/"},"modified":"2026-04-15T09:48:31","modified_gmt":"2026-04-15T07:48:31","slug":"detska-stolicka-mammut","status":"publish","type":"product","link":"https:\/\/www.mobilnikoutky.cz\/index.php\/produkt\/detska-stolicka-mammut\/","title":{"rendered":"D\u011btsk\u00e1 stoli\u010dka MAMMUT"},"content":{"rendered":"<p>Odoln\u00e1 a p\u0159itom lehk\u00e1 s\u00e9rie MAMMUT vydr\u017e\u00ed p\u016fsoben\u00ed p\u0159\u00edrodn\u00edch \u017eivl\u016f i \u017eiveln\u00e9 hran\u00ed va\u0161ich d\u011bt\u00ed. Hod\u00ed se na venkovn\u00ed pou\u017eit\u00ed a snadno se \u010dist\u00ed, kdy\u017e je pot\u0159eba ji vz\u00edt dovnit\u0159.<\/p>\n<ul>\n<li>Barva: \u017elut\u00e1<\/li>\n<li>Materi\u00e1l: plast<\/li>\n<li>Rozm\u011bry: pr\u016fm\u011br sed\u00e1ku 30 cm, \u0161\u00ed\u0159ka 35 cm, v\u00fd\u0161ka sed\u00e1ku 30 cm<\/li>\n<li>Max. nosnost: 35 kg<\/li>\n<li>K dispozici 24 kus\u016f<\/li>\n<\/ul>\n","protected":false},"excerpt":{"rendered":"<p>Uveden\u00e1 cena je za d\u00e9lku pron\u00e1jmu do 5 dn\u016f.<\/p>\n","protected":false},"featured_media":309,"comment_status":"open","ping_status":"closed","template":"","meta":{"_monsterinsights_skip_tracking":false,"_monsterinsights_sitenote_active":false,"_monsterinsights_sitenote_note":"","_monsterinsights_sitenote_category":0},"product_brand":[],"product_cat":[21],"product_tag":[135,81,132,133,134,136,137,78,79,138],"class_list":{"0":"post-226","1":"product","2":"type-product","3":"status-publish","4":"has-post-thumbnail","6":"product_cat-nabytek","7":"product_tag-detsky","8":"product_tag-ikea","9":"product_tag-mammut","10":"product_tag-mamut","11":"product_tag-nabytek","12":"product_tag-stolicka","13":"product_tag-stolicky","14":"product_tag-zidle","15":"product_tag-zidlicka","16":"product_tag-zidlicky","18":"first","19":"instock","20":"taxable","21":"shipping-taxable","22":"purchasable","23":"product-type-simple"},"aioseo_notices":[],"_links":{"self":[{"href":"https:\/\/www.mobilnikoutky.cz\/index.php\/wp-json\/wp\/v2\/product\/226","targetHints":{"allow":["GET"]}}],"collection":[{"href":"https:\/\/www.mobilnikoutky.cz\/index.php\/wp-json\/wp\/v2\/product"}],"about":[{"href":"https:\/\/www.mobilnikoutky.cz\/index.php\/wp-json\/wp\/v2\/types\/product"}],"replies":[{"embeddable":true,"href":"https:\/\/www.mobilnikoutky.cz\/index.php\/wp-json\/wp\/v2\/comments?post=226"}],"wp:featuredmedia":[{"embeddable":true,"href":"https:\/\/www.mobilnikoutky.cz\/index.php\/wp-json\/wp\/v2\/media\/309"}],"wp:attachment":[{"href":"https:\/\/www.mobilnikoutky.cz\/index.php\/wp-json\/wp\/v2\/media?parent=226"}],"wp:term":[{"taxonomy":"product_brand","embeddable":true,"href":"https:\/\/www.mobilnikoutky.cz\/index.php\/wp-json\/wp\/v2\/product_brand?post=226"},{"taxonomy":"product_cat","embeddable":true,"href":"https:\/\/www.mobilnikoutky.cz\/index.php\/wp-json\/wp\/v2\/product_cat?post=226"},{"taxonomy":"product_tag","embeddable":true,"href":"https:\/\/www.mobilnikoutky.cz\/index.php\/wp-json\/wp\/v2\/product_tag?post=226"}],"curies":[{"name":"wp","href":"https:\/\/api.w.org\/{rel}","templated":true}]}}