{"id":219,"date":"2018-01-17T11:25:52","date_gmt":"2018-01-17T10:25:52","guid":{"rendered":"http:\/\/www.mobilnikoutky.cz\/index.php\/produkt\/houpacka-spektra\/"},"modified":"2026-04-15T09:50:27","modified_gmt":"2026-04-15T07:50:27","slug":"houpacka-spektra","status":"publish","type":"product","link":"https:\/\/www.mobilnikoutky.cz\/index.php\/produkt\/houpacka-spektra\/","title":{"rendered":"Houpa\u010dka SPECTRA"},"content":{"rendered":"<p>Multifunk\u010dn\u00ed hra\u010dka Spectra stimuluje smysly, probouz\u00ed fantazii, posiluje svaly a podporuje rozvoj rovnov\u00e1hy a um\u011bn\u00ed \u010darovat. Z houpa\u010dky se jednoduch\u00fdm kouzlem r\u00e1zem stane most, \u017eeb\u0159\u00edk, tunel, dome\u010dek, sed\u00e1tko, prol\u00e9za\u010dka, skluzavka nebo pult\u00edk. \u010c\u00edm n\u00e1padit\u011bj\u0161\u00ed kouzeln\u00edk, t\u00edm v\u00edce prom\u011bn. A pozor \u2013 mal\u00ed kouzeln\u00edci a kouzelnice se do Spektry na houp\u00e1n\u00ed vejdou hned dva. D\u00edky barevn\u00e9mu proveden\u00ed m\u016f\u017ee b\u00fdt Spektra nen\u00e1padn\u00fdm p\u0159\u00edrodn\u00edm dopl\u0148kem, ale tak\u00e9 v\u00fdrazn\u00fdm designov\u00fdm prvkem, kter\u00fd rozz\u00e1\u0159\u00ed va\u0161e d\u011bti i byt.<\/p>\n<ul>\n<li>Barva: v\u00edce barev<\/li>\n<li>Materi\u00e1l: d\u0159evo<\/li>\n<li>Rozm\u011bry: 75 \u00d7 43 \u00d7 45 cm<\/li>\n<li>Nosnost: 60 kg<\/li>\n<li>K dispozici 1 kus<\/li>\n<\/ul>\n","protected":false},"excerpt":{"rendered":"<p>Uveden\u00e1 cena je za d\u00e9lku pron\u00e1jmu do 5 dn\u016f.<\/p>\n","protected":false},"featured_media":331,"comment_status":"open","ping_status":"closed","template":"","meta":{"_monsterinsights_skip_tracking":false,"_monsterinsights_sitenote_active":false,"_monsterinsights_sitenote_note":"","_monsterinsights_sitenote_category":0},"product_brand":[],"product_cat":[20],"product_tag":[36,150,149],"class_list":{"0":"post-219","1":"product","2":"type-product","3":"status-publish","4":"has-post-thumbnail","6":"product_cat-herni-zona","7":"product_tag-houpacka","8":"product_tag-spectra","9":"product_tag-spektra","11":"first","12":"instock","13":"taxable","14":"shipping-taxable","15":"purchasable","16":"product-type-simple"},"aioseo_notices":[],"_links":{"self":[{"href":"https:\/\/www.mobilnikoutky.cz\/index.php\/wp-json\/wp\/v2\/product\/219","targetHints":{"allow":["GET"]}}],"collection":[{"href":"https:\/\/www.mobilnikoutky.cz\/index.php\/wp-json\/wp\/v2\/product"}],"about":[{"href":"https:\/\/www.mobilnikoutky.cz\/index.php\/wp-json\/wp\/v2\/types\/product"}],"replies":[{"embeddable":true,"href":"https:\/\/www.mobilnikoutky.cz\/index.php\/wp-json\/wp\/v2\/comments?post=219"}],"wp:featuredmedia":[{"embeddable":true,"href":"https:\/\/www.mobilnikoutky.cz\/index.php\/wp-json\/wp\/v2\/media\/331"}],"wp:attachment":[{"href":"https:\/\/www.mobilnikoutky.cz\/index.php\/wp-json\/wp\/v2\/media?parent=219"}],"wp:term":[{"taxonomy":"product_brand","embeddable":true,"href":"https:\/\/www.mobilnikoutky.cz\/index.php\/wp-json\/wp\/v2\/product_brand?post=219"},{"taxonomy":"product_cat","embeddable":true,"href":"https:\/\/www.mobilnikoutky.cz\/index.php\/wp-json\/wp\/v2\/product_cat?post=219"},{"taxonomy":"product_tag","embeddable":true,"href":"https:\/\/www.mobilnikoutky.cz\/index.php\/wp-json\/wp\/v2\/product_tag?post=219"}],"curies":[{"name":"wp","href":"https:\/\/api.w.org\/{rel}","templated":true}]}}