{"id":217,"date":"2018-01-17T11:25:50","date_gmt":"2018-01-17T10:25:50","guid":{"rendered":"http:\/\/www.mobilnikoutky.cz\/index.php\/produkt\/penovy-bazenek-wesco\/"},"modified":"2026-04-15T09:51:11","modified_gmt":"2026-04-15T07:51:11","slug":"penovy-bazenek-wesco","status":"publish","type":"product","link":"https:\/\/www.mobilnikoutky.cz\/index.php\/produkt\/penovy-bazenek-wesco\/","title":{"rendered":"P\u011bnov\u00fd baz\u00e9nek Wesco"},"content":{"rendered":"<p>Sestava p\u011bnov\u00fdch babysed\u00e1tek<\/p>\n<p>Bezpe\u010dn\u00fd prostor pro nejmen\u0161\u00ed d\u011bti se zv\u00fd\u0161en\u00fdmi okraji. Mo\u017eno naplnit hra\u010dkami, pol\u0161t\u00e1\u0159ky \u010di m\u00ed\u010dky. Dob\u0159e slou\u017e\u00ed jako izolace v interi\u00e9ru i exteri\u00e9ru. Skl\u00e1d\u00e1no z 8 d\u00edl\u016f, spojen\u00ed such\u00fdm zipem, omyvateln\u00e9.<\/p>\n<ul>\n<li>Barva: odst\u00edny zelen\u00e1<\/li>\n<li>K dispozici 1 kus, resp. 1 sestava<\/li>\n<\/ul>\n<p>&nbsp;<\/p>\n","protected":false},"excerpt":{"rendered":"<p>Uveden\u00e1 cena je za d\u00e9lku pron\u00e1jmu do 5 dn\u016f.<\/p>\n","protected":false},"featured_media":337,"comment_status":"open","ping_status":"closed","template":"","meta":{"_monsterinsights_skip_tracking":false,"_monsterinsights_sitenote_active":false,"_monsterinsights_sitenote_note":"","_monsterinsights_sitenote_category":0},"product_brand":[],"product_cat":[20],"product_tag":[155,100,153,103,105,117,154,104],"class_list":{"0":"post-217","1":"product","2":"type-product","3":"status-publish","4":"has-post-thumbnail","6":"product_cat-herni-zona","7":"product_tag-babysedatka","8":"product_tag-bazen","9":"product_tag-bazenek","10":"product_tag-hra","11":"product_tag-hry","12":"product_tag-mimino","13":"product_tag-wesco","14":"product_tag-zabava","16":"first","17":"instock","18":"sold-individually","19":"taxable","20":"shipping-taxable","21":"purchasable","22":"product-type-simple"},"aioseo_notices":[],"_links":{"self":[{"href":"https:\/\/www.mobilnikoutky.cz\/index.php\/wp-json\/wp\/v2\/product\/217","targetHints":{"allow":["GET"]}}],"collection":[{"href":"https:\/\/www.mobilnikoutky.cz\/index.php\/wp-json\/wp\/v2\/product"}],"about":[{"href":"https:\/\/www.mobilnikoutky.cz\/index.php\/wp-json\/wp\/v2\/types\/product"}],"replies":[{"embeddable":true,"href":"https:\/\/www.mobilnikoutky.cz\/index.php\/wp-json\/wp\/v2\/comments?post=217"}],"wp:featuredmedia":[{"embeddable":true,"href":"https:\/\/www.mobilnikoutky.cz\/index.php\/wp-json\/wp\/v2\/media\/337"}],"wp:attachment":[{"href":"https:\/\/www.mobilnikoutky.cz\/index.php\/wp-json\/wp\/v2\/media?parent=217"}],"wp:term":[{"taxonomy":"product_brand","embeddable":true,"href":"https:\/\/www.mobilnikoutky.cz\/index.php\/wp-json\/wp\/v2\/product_brand?post=217"},{"taxonomy":"product_cat","embeddable":true,"href":"https:\/\/www.mobilnikoutky.cz\/index.php\/wp-json\/wp\/v2\/product_cat?post=217"},{"taxonomy":"product_tag","embeddable":true,"href":"https:\/\/www.mobilnikoutky.cz\/index.php\/wp-json\/wp\/v2\/product_tag?post=217"}],"curies":[{"name":"wp","href":"https:\/\/api.w.org\/{rel}","templated":true}]}}