{"id":215,"date":"2018-01-17T11:25:49","date_gmt":"2018-01-17T10:25:49","guid":{"rendered":"http:\/\/www.mobilnikoutky.cz\/index.php\/produkt\/polstarek-multi\/"},"modified":"2026-04-15T09:52:04","modified_gmt":"2026-04-15T07:52:04","slug":"polstarek-multi","status":"publish","type":"product","link":"https:\/\/www.mobilnikoutky.cz\/index.php\/produkt\/polstarek-multi\/","title":{"rendered":"Pol\u0161t\u00e1\u0159ek MULTI"},"content":{"rendered":"<p>M\u011bkk\u00fd potah ze 100% polyesterov\u00e9ho mikrovl\u00e1kna. N\u00e1pl\u0148 drcen\u00e1 polyuretanov\u00e1 p\u011bna, 230 g.<\/p>\n<ul>\n<li>Barva: v\u00edce barev<\/li>\n<li>Materi\u00e1l: polyester<\/li>\n<li>Rozm\u011bry: 40\u00d740 cm<\/li>\n<li>K dispozici 20 kus\u016f r\u016fzn\u00fdch barev<\/li>\n<\/ul>\n","protected":false},"excerpt":{"rendered":"<p>Uveden\u00e1 cena je za d\u00e9lku pron\u00e1jmu do 5 dn\u016f.<\/p>\n","protected":false},"featured_media":382,"comment_status":"open","ping_status":"closed","template":"","meta":{"_monsterinsights_skip_tracking":false,"_monsterinsights_sitenote_active":false,"_monsterinsights_sitenote_note":"","_monsterinsights_sitenote_category":0},"product_brand":[],"product_cat":[19],"product_tag":[75,115,160,73,74],"class_list":{"0":"post-215","1":"product","2":"type-product","3":"status-publish","4":"has-post-thumbnail","6":"product_cat-relaxacni-zona","7":"product_tag-odpocinek","8":"product_tag-polstar","9":"product_tag-polstarek","10":"product_tag-posezeni","11":"product_tag-relax","13":"first","14":"instock","15":"taxable","16":"shipping-taxable","17":"purchasable","18":"product-type-simple"},"aioseo_notices":[],"_links":{"self":[{"href":"https:\/\/www.mobilnikoutky.cz\/index.php\/wp-json\/wp\/v2\/product\/215","targetHints":{"allow":["GET"]}}],"collection":[{"href":"https:\/\/www.mobilnikoutky.cz\/index.php\/wp-json\/wp\/v2\/product"}],"about":[{"href":"https:\/\/www.mobilnikoutky.cz\/index.php\/wp-json\/wp\/v2\/types\/product"}],"replies":[{"embeddable":true,"href":"https:\/\/www.mobilnikoutky.cz\/index.php\/wp-json\/wp\/v2\/comments?post=215"}],"wp:featuredmedia":[{"embeddable":true,"href":"https:\/\/www.mobilnikoutky.cz\/index.php\/wp-json\/wp\/v2\/media\/382"}],"wp:attachment":[{"href":"https:\/\/www.mobilnikoutky.cz\/index.php\/wp-json\/wp\/v2\/media?parent=215"}],"wp:term":[{"taxonomy":"product_brand","embeddable":true,"href":"https:\/\/www.mobilnikoutky.cz\/index.php\/wp-json\/wp\/v2\/product_brand?post=215"},{"taxonomy":"product_cat","embeddable":true,"href":"https:\/\/www.mobilnikoutky.cz\/index.php\/wp-json\/wp\/v2\/product_cat?post=215"},{"taxonomy":"product_tag","embeddable":true,"href":"https:\/\/www.mobilnikoutky.cz\/index.php\/wp-json\/wp\/v2\/product_tag?post=215"}],"curies":[{"name":"wp","href":"https:\/\/api.w.org\/{rel}","templated":true}]}}