{"id":214,"date":"2018-01-17T11:25:48","date_gmt":"2018-01-17T10:25:48","guid":{"rendered":"http:\/\/www.mobilnikoutky.cz\/index.php\/produkt\/sedak-odkladaci-stolek-roundseat\/"},"modified":"2026-04-15T09:53:16","modified_gmt":"2026-04-15T07:53:16","slug":"sedak-odkladaci-stolek-roundseat","status":"publish","type":"product","link":"https:\/\/www.mobilnikoutky.cz\/index.php\/produkt\/sedak-odkladaci-stolek-roundseat\/","title":{"rendered":"Sed\u00e1k\/odkl\u00e1dac\u00ed stolek Roundseat"},"content":{"rendered":"<ul>\n<li>Barva: p\u0159\u00edrodn\u00ed<\/li>\n<li>Materi\u00e1l: kartonov\u00e1 lepenka\/p\u0159ekli\u017eka<\/li>\n<li>Nosnost: 120 kg<\/li>\n<li>K dispozici 5 kus\u016f<\/li>\n<\/ul>\n","protected":false},"excerpt":{"rendered":"<p>Uveden\u00e1 cena je za d\u00e9lku pron\u00e1jmu do 5 dn\u016f.<\/p>\n","protected":false},"featured_media":395,"comment_status":"open","ping_status":"closed","template":"","meta":{"_monsterinsights_skip_tracking":false,"_monsterinsights_sitenote_active":false,"_monsterinsights_sitenote_note":"","_monsterinsights_sitenote_category":0},"product_brand":[],"product_cat":[19],"product_tag":[75,73,74,178,131,130,129],"class_list":{"0":"post-214","1":"product","2":"type-product","3":"status-publish","4":"has-post-thumbnail","6":"product_cat-relaxacni-zona","7":"product_tag-odpocinek","8":"product_tag-posezeni","9":"product_tag-relax","10":"product_tag-sedak","11":"product_tag-stolecek","12":"product_tag-stolek","13":"product_tag-stul","15":"first","16":"instock","17":"taxable","18":"shipping-taxable","19":"purchasable","20":"product-type-simple"},"aioseo_notices":[],"_links":{"self":[{"href":"https:\/\/www.mobilnikoutky.cz\/index.php\/wp-json\/wp\/v2\/product\/214","targetHints":{"allow":["GET"]}}],"collection":[{"href":"https:\/\/www.mobilnikoutky.cz\/index.php\/wp-json\/wp\/v2\/product"}],"about":[{"href":"https:\/\/www.mobilnikoutky.cz\/index.php\/wp-json\/wp\/v2\/types\/product"}],"replies":[{"embeddable":true,"href":"https:\/\/www.mobilnikoutky.cz\/index.php\/wp-json\/wp\/v2\/comments?post=214"}],"wp:featuredmedia":[{"embeddable":true,"href":"https:\/\/www.mobilnikoutky.cz\/index.php\/wp-json\/wp\/v2\/media\/395"}],"wp:attachment":[{"href":"https:\/\/www.mobilnikoutky.cz\/index.php\/wp-json\/wp\/v2\/media?parent=214"}],"wp:term":[{"taxonomy":"product_brand","embeddable":true,"href":"https:\/\/www.mobilnikoutky.cz\/index.php\/wp-json\/wp\/v2\/product_brand?post=214"},{"taxonomy":"product_cat","embeddable":true,"href":"https:\/\/www.mobilnikoutky.cz\/index.php\/wp-json\/wp\/v2\/product_cat?post=214"},{"taxonomy":"product_tag","embeddable":true,"href":"https:\/\/www.mobilnikoutky.cz\/index.php\/wp-json\/wp\/v2\/product_tag?post=214"}],"curies":[{"name":"wp","href":"https:\/\/api.w.org\/{rel}","templated":true}]}}