{"id":208,"date":"2018-01-17T11:25:45","date_gmt":"2018-01-17T10:25:45","guid":{"rendered":"http:\/\/www.mobilnikoutky.cz\/index.php\/produkt\/sedaci-vak-tuli-cerny-rohovy\/"},"modified":"2026-04-15T09:53:57","modified_gmt":"2026-04-15T07:53:57","slug":"sedaci-vak-tuli-cerny-rohovy","status":"publish","type":"product","link":"https:\/\/www.mobilnikoutky.cz\/index.php\/produkt\/sedaci-vak-tuli-cerny-rohovy\/","title":{"rendered":"Sedac\u00ed vak Tuli &#8211; \u010dern\u00fd rohov\u00fd"},"content":{"rendered":"<ul>\n<li>Barva: \u010dern\u00e1<\/li>\n<li>Materi\u00e1l: polyester<\/li>\n<li>K dispozici 1 kus<\/li>\n<\/ul>\n","protected":false},"excerpt":{"rendered":"<p>Uveden\u00e1 cena je za d\u00e9lku pron\u00e1jmu do 5 dn\u016f.<\/p>\n","protected":false},"featured_media":453,"comment_status":"open","ping_status":"closed","template":"","meta":{"_monsterinsights_skip_tracking":false,"_monsterinsights_sitenote_active":false,"_monsterinsights_sitenote_note":"","_monsterinsights_sitenote_category":0},"product_brand":[],"product_cat":[20,19],"product_tag":[75,73,74,31,29,30],"class_list":{"0":"post-208","1":"product","2":"type-product","3":"status-publish","4":"has-post-thumbnail","6":"product_cat-herni-zona","7":"product_cat-relaxacni-zona","8":"product_tag-odpocinek","9":"product_tag-posezeni","10":"product_tag-relax","11":"product_tag-sedaci-vak","12":"product_tag-tuli","13":"product_tag-vak","15":"first","16":"instock","17":"sale","18":"sold-individually","19":"taxable","20":"shipping-taxable","21":"purchasable","22":"product-type-simple"},"aioseo_notices":[],"_links":{"self":[{"href":"https:\/\/www.mobilnikoutky.cz\/index.php\/wp-json\/wp\/v2\/product\/208","targetHints":{"allow":["GET"]}}],"collection":[{"href":"https:\/\/www.mobilnikoutky.cz\/index.php\/wp-json\/wp\/v2\/product"}],"about":[{"href":"https:\/\/www.mobilnikoutky.cz\/index.php\/wp-json\/wp\/v2\/types\/product"}],"replies":[{"embeddable":true,"href":"https:\/\/www.mobilnikoutky.cz\/index.php\/wp-json\/wp\/v2\/comments?post=208"}],"wp:featuredmedia":[{"embeddable":true,"href":"https:\/\/www.mobilnikoutky.cz\/index.php\/wp-json\/wp\/v2\/media\/453"}],"wp:attachment":[{"href":"https:\/\/www.mobilnikoutky.cz\/index.php\/wp-json\/wp\/v2\/media?parent=208"}],"wp:term":[{"taxonomy":"product_brand","embeddable":true,"href":"https:\/\/www.mobilnikoutky.cz\/index.php\/wp-json\/wp\/v2\/product_brand?post=208"},{"taxonomy":"product_cat","embeddable":true,"href":"https:\/\/www.mobilnikoutky.cz\/index.php\/wp-json\/wp\/v2\/product_cat?post=208"},{"taxonomy":"product_tag","embeddable":true,"href":"https:\/\/www.mobilnikoutky.cz\/index.php\/wp-json\/wp\/v2\/product_tag?post=208"}],"curies":[{"name":"wp","href":"https:\/\/api.w.org\/{rel}","templated":true}]}}