{"id":204,"date":"2018-01-17T11:25:42","date_gmt":"2018-01-17T10:25:42","guid":{"rendered":"http:\/\/www.mobilnikoutky.cz\/index.php\/produkt\/sedaci-vak-tuli-modra\/"},"modified":"2026-04-15T09:55:09","modified_gmt":"2026-04-15T07:55:09","slug":"sedaci-vak-tuli-modra","status":"publish","type":"product","link":"https:\/\/www.mobilnikoutky.cz\/index.php\/produkt\/sedaci-vak-tuli-modra\/","title":{"rendered":"Sedac\u00ed vak Tuli &#8211; modr\u00e1"},"content":{"rendered":"<p>P\u0159edstavujeme V\u00e1m Va\u0161i novou \u201eopatrovnici\u201c pro d\u011bti. Bezpe\u010dn\u011b pohl\u00edd\u00e1 i ty nejmen\u0161\u00ed, sta\u010d\u00ed je jen pohodln\u011b ulo\u017eit. Vydr\u017e\u00ed v\u0161e. V\u011bt\u0161\u00ed d\u011bti si posed\u00ed, po\u010dtou, pohraj\u00ed si, polezou i zask\u00e1\u010dou.<\/p>\n<ul>\n<li>Barva: modr\u00e1<\/li>\n<li>Materi\u00e1l: polyester<\/li>\n<li>K dispozici 1 kus<\/li>\n<\/ul>\n","protected":false},"excerpt":{"rendered":"<p>Uveden\u00e1 cena je za d\u00e9lku pron\u00e1jmu do 5 dn\u016f.<\/p>\n","protected":false},"featured_media":364,"comment_status":"open","ping_status":"closed","template":"","meta":{"_monsterinsights_skip_tracking":false,"_monsterinsights_sitenote_active":false,"_monsterinsights_sitenote_note":"","_monsterinsights_sitenote_category":0},"product_brand":[],"product_cat":[20,19],"product_tag":[75,73,74,31,29,30],"class_list":{"0":"post-204","1":"product","2":"type-product","3":"status-publish","4":"has-post-thumbnail","6":"product_cat-herni-zona","7":"product_cat-relaxacni-zona","8":"product_tag-odpocinek","9":"product_tag-posezeni","10":"product_tag-relax","11":"product_tag-sedaci-vak","12":"product_tag-tuli","13":"product_tag-vak","15":"first","16":"instock","17":"sale","18":"sold-individually","19":"taxable","20":"shipping-taxable","21":"purchasable","22":"product-type-simple"},"aioseo_notices":[],"_links":{"self":[{"href":"https:\/\/www.mobilnikoutky.cz\/index.php\/wp-json\/wp\/v2\/product\/204","targetHints":{"allow":["GET"]}}],"collection":[{"href":"https:\/\/www.mobilnikoutky.cz\/index.php\/wp-json\/wp\/v2\/product"}],"about":[{"href":"https:\/\/www.mobilnikoutky.cz\/index.php\/wp-json\/wp\/v2\/types\/product"}],"replies":[{"embeddable":true,"href":"https:\/\/www.mobilnikoutky.cz\/index.php\/wp-json\/wp\/v2\/comments?post=204"}],"wp:featuredmedia":[{"embeddable":true,"href":"https:\/\/www.mobilnikoutky.cz\/index.php\/wp-json\/wp\/v2\/media\/364"}],"wp:attachment":[{"href":"https:\/\/www.mobilnikoutky.cz\/index.php\/wp-json\/wp\/v2\/media?parent=204"}],"wp:term":[{"taxonomy":"product_brand","embeddable":true,"href":"https:\/\/www.mobilnikoutky.cz\/index.php\/wp-json\/wp\/v2\/product_brand?post=204"},{"taxonomy":"product_cat","embeddable":true,"href":"https:\/\/www.mobilnikoutky.cz\/index.php\/wp-json\/wp\/v2\/product_cat?post=204"},{"taxonomy":"product_tag","embeddable":true,"href":"https:\/\/www.mobilnikoutky.cz\/index.php\/wp-json\/wp\/v2\/product_tag?post=204"}],"curies":[{"name":"wp","href":"https:\/\/api.w.org\/{rel}","templated":true}]}}