{"id":203,"date":"2018-01-17T11:25:41","date_gmt":"2018-01-17T10:25:41","guid":{"rendered":"http:\/\/www.mobilnikoutky.cz\/index.php\/produkt\/sedaci-vak-tuli-obludoo-zelena\/"},"modified":"2026-04-15T09:55:59","modified_gmt":"2026-04-15T07:55:59","slug":"sedaci-vak-tuli-obludoo-zelena","status":"publish","type":"product","link":"https:\/\/www.mobilnikoutky.cz\/index.php\/produkt\/sedaci-vak-tuli-obludoo-zelena\/","title":{"rendered":"Sedac\u00ed vak Tuli &#8211; Oblud\u00f6\u00f6 &#8211; zelen\u00e1"},"content":{"rendered":"<p>Perfektn\u00ed skr\u00fd\u0161 pro nejmen\u0161\u00ed! Obl\u00edben\u00e1 m\u00edrumilovn\u00e1 p\u0159\u00ed\u0161erka jim dovol\u00ed v\u0161e, nech\u00e1 si i sk\u00e1kat po hlav\u011b. Skv\u011bl\u00fd sedac\u00ed vak pov\u00fd\u0161en\u00fd na komplexn\u00ed hra\u010dku pro v\u0161echny d\u011bti. O\u010daroval i porotce na mezin\u00e1rodn\u00edm veletrhu N\u00e1bytek a bydlen\u00ed Nitra 2010, kde z\u00edskal Hlavn\u00ed cenu v kategorii Dopl\u0148ky k n\u00e1bytku. Tento typ vaku je bez op\u011brky.<\/p>\n<ul>\n<li>Barva: zelen\u00e1<\/li>\n<li>Materi\u00e1l: polyester<\/li>\n<li>K dispozici 2 kusy<\/li>\n<\/ul>\n","protected":false},"excerpt":{"rendered":"<p>Uveden\u00e1 cena je za d\u00e9lku pron\u00e1jmu do 5 dn\u016f.<\/p>\n","protected":false},"featured_media":356,"comment_status":"open","ping_status":"closed","template":"","meta":{"_monsterinsights_skip_tracking":false,"_monsterinsights_sitenote_active":false,"_monsterinsights_sitenote_note":"","_monsterinsights_sitenote_category":0},"product_brand":[],"product_cat":[20,19],"product_tag":[75,73,74,31,29,30],"class_list":{"0":"post-203","1":"product","2":"type-product","3":"status-publish","4":"has-post-thumbnail","6":"product_cat-herni-zona","7":"product_cat-relaxacni-zona","8":"product_tag-odpocinek","9":"product_tag-posezeni","10":"product_tag-relax","11":"product_tag-sedaci-vak","12":"product_tag-tuli","13":"product_tag-vak","15":"first","16":"instock","17":"sale","18":"taxable","19":"shipping-taxable","20":"purchasable","21":"product-type-simple"},"aioseo_notices":[],"_links":{"self":[{"href":"https:\/\/www.mobilnikoutky.cz\/index.php\/wp-json\/wp\/v2\/product\/203","targetHints":{"allow":["GET"]}}],"collection":[{"href":"https:\/\/www.mobilnikoutky.cz\/index.php\/wp-json\/wp\/v2\/product"}],"about":[{"href":"https:\/\/www.mobilnikoutky.cz\/index.php\/wp-json\/wp\/v2\/types\/product"}],"replies":[{"embeddable":true,"href":"https:\/\/www.mobilnikoutky.cz\/index.php\/wp-json\/wp\/v2\/comments?post=203"}],"wp:featuredmedia":[{"embeddable":true,"href":"https:\/\/www.mobilnikoutky.cz\/index.php\/wp-json\/wp\/v2\/media\/356"}],"wp:attachment":[{"href":"https:\/\/www.mobilnikoutky.cz\/index.php\/wp-json\/wp\/v2\/media?parent=203"}],"wp:term":[{"taxonomy":"product_brand","embeddable":true,"href":"https:\/\/www.mobilnikoutky.cz\/index.php\/wp-json\/wp\/v2\/product_brand?post=203"},{"taxonomy":"product_cat","embeddable":true,"href":"https:\/\/www.mobilnikoutky.cz\/index.php\/wp-json\/wp\/v2\/product_cat?post=203"},{"taxonomy":"product_tag","embeddable":true,"href":"https:\/\/www.mobilnikoutky.cz\/index.php\/wp-json\/wp\/v2\/product_tag?post=203"}],"curies":[{"name":"wp","href":"https:\/\/api.w.org\/{rel}","templated":true}]}}