{"id":184,"date":"2018-01-15T09:17:48","date_gmt":"2018-01-15T08:17:48","guid":{"rendered":"http:\/\/www.mobilnikoutky.cz\/index.php\/produkt\/sedaci-vak-tuli-sofa-puojd-podzim\/"},"modified":"2026-04-15T09:57:44","modified_gmt":"2026-04-15T07:57:44","slug":"sedaci-vak-tuli-sofa-puojd-podzim","status":"publish","type":"product","link":"https:\/\/www.mobilnikoutky.cz\/index.php\/produkt\/sedaci-vak-tuli-sofa-puojd-podzim\/","title":{"rendered":"Sedac\u00ed vak Tuli &#8211; SuperModel &#8211; Puojd podzim"},"content":{"rendered":"<p>Super pohodln\u00e9 a elegantn\u00ed sezen\u00ed nejen pro supermodelky a supermodele, ale pro ka\u017ed\u00e9ho mlad\u00e9ho \u010dlov\u011bka i dosp\u011bl\u00e9ho. Nab\u00edz\u00ed v\u00e1m dostatek m\u00edsta na op\u0159en\u00ed hlavy i prostor pro va\u0161e ruce.<\/p>\n<ul>\n<li>Barva: v\u00edce barev<\/li>\n<li>Materi\u00e1l: polyester<\/li>\n<li>K dispozici 1 kus<\/li>\n<\/ul>\n","protected":false},"excerpt":{"rendered":"<p>Uveden\u00e1 cena je za d\u00e9lku pron\u00e1jmu do 5 dn\u016f.<\/p>\n","protected":false},"featured_media":362,"comment_status":"open","ping_status":"closed","template":"","meta":{"_monsterinsights_skip_tracking":false,"_monsterinsights_sitenote_active":false,"_monsterinsights_sitenote_note":"","_monsterinsights_sitenote_category":0},"product_brand":[],"product_cat":[20,19],"product_tag":[75,73,74,31,29,30],"class_list":{"0":"post-184","1":"product","2":"type-product","3":"status-publish","4":"has-post-thumbnail","6":"product_cat-herni-zona","7":"product_cat-relaxacni-zona","8":"product_tag-odpocinek","9":"product_tag-posezeni","10":"product_tag-relax","11":"product_tag-sedaci-vak","12":"product_tag-tuli","13":"product_tag-vak","14":"product_shipping_class-class1","16":"first","17":"instock","18":"sale","19":"sold-individually","20":"taxable","21":"shipping-taxable","22":"purchasable","23":"product-type-simple"},"aioseo_notices":[],"_links":{"self":[{"href":"https:\/\/www.mobilnikoutky.cz\/index.php\/wp-json\/wp\/v2\/product\/184","targetHints":{"allow":["GET"]}}],"collection":[{"href":"https:\/\/www.mobilnikoutky.cz\/index.php\/wp-json\/wp\/v2\/product"}],"about":[{"href":"https:\/\/www.mobilnikoutky.cz\/index.php\/wp-json\/wp\/v2\/types\/product"}],"replies":[{"embeddable":true,"href":"https:\/\/www.mobilnikoutky.cz\/index.php\/wp-json\/wp\/v2\/comments?post=184"}],"wp:featuredmedia":[{"embeddable":true,"href":"https:\/\/www.mobilnikoutky.cz\/index.php\/wp-json\/wp\/v2\/media\/362"}],"wp:attachment":[{"href":"https:\/\/www.mobilnikoutky.cz\/index.php\/wp-json\/wp\/v2\/media?parent=184"}],"wp:term":[{"taxonomy":"product_brand","embeddable":true,"href":"https:\/\/www.mobilnikoutky.cz\/index.php\/wp-json\/wp\/v2\/product_brand?post=184"},{"taxonomy":"product_cat","embeddable":true,"href":"https:\/\/www.mobilnikoutky.cz\/index.php\/wp-json\/wp\/v2\/product_cat?post=184"},{"taxonomy":"product_tag","embeddable":true,"href":"https:\/\/www.mobilnikoutky.cz\/index.php\/wp-json\/wp\/v2\/product_tag?post=184"}],"curies":[{"name":"wp","href":"https:\/\/api.w.org\/{rel}","templated":true}]}}