{"id":80,"date":"2017-06-05T11:34:34","date_gmt":"2017-06-05T09:34:34","guid":{"rendered":"http:\/\/www.mobilnikoutky.cz\/?page_id=80"},"modified":"2025-09-02T12:07:29","modified_gmt":"2025-09-02T10:07:29","slug":"kontakty","status":"publish","type":"page","link":"https:\/\/www.mobilnikoutky.cz\/index.php\/kontakty\/","title":{"rendered":"Kontakty"},"content":{"rendered":"<p><img loading=\"lazy\" decoding=\"async\" class=\"wp-image-555 size-medium alignright\" src=\"https:\/\/www.mobilnikoutky.cz\/wp-content\/uploads\/2019\/01\/logo-eventova-agentura-1-300x52.png\" alt=\"\" width=\"300\" height=\"52\" srcset=\"https:\/\/www.mobilnikoutky.cz\/wp-content\/uploads\/2019\/01\/logo-eventova-agentura-1-300x52.png 300w, https:\/\/www.mobilnikoutky.cz\/wp-content\/uploads\/2019\/01\/logo-eventova-agentura-1-324x56.png 324w, https:\/\/www.mobilnikoutky.cz\/wp-content\/uploads\/2019\/01\/logo-eventova-agentura-1-416x72.png 416w, https:\/\/www.mobilnikoutky.cz\/wp-content\/uploads\/2019\/01\/logo-eventova-agentura-1-768x134.png 768w, https:\/\/www.mobilnikoutky.cz\/wp-content\/uploads\/2019\/01\/logo-eventova-agentura-1-1024x178.png 1024w, https:\/\/www.mobilnikoutky.cz\/wp-content\/uploads\/2019\/01\/logo-eventova-agentura-1.png 2000w\" sizes=\"auto, (max-width: 300px) 100vw, 300px\" \/><\/p>\n<h2>Adresa provozovny<\/h2>\n<p>Baby Office, s.r.o<br \/>\nP\u0159\u00edvorsk\u00e1 486\/27<br \/>\n181 00 Praha 8 \u2013 \u010cimice<\/p>\n<p><strong>Kontakt pro objedn\u00e1v<\/strong><strong>ky:<\/strong><\/p>\n<p>Anton\u00edn Mart\u00ednek &#8211; mob. 721 602 984<br \/>\n<a href=\"mailto:antonin.martinek@babyoffice.cz\">antonin.martinek@babyoffice.cz<\/a><\/p>\n<p><strong>Provozn\u00ed doba:<\/strong><br \/>\nPo \u2013 \u010ct: 9:00 \u2013 15:00 po p\u0159edchoz\u00ed rezervaci<\/p>\n<h2><b>S\u00eddlo firmy<\/b><\/h2>\n<p>Baby Office, s.r.o.<br \/>\nS\u00eddlo firmy: U Po\u0161ty 1, 180 00 Praha 8<br \/>\nI\u010cO: 01403982, DI\u010c: CZ01403982<br \/>\n\u010c. \u00fa\u010dtu: 2200803421\/2010<\/p>\n<p>Sledujte n\u00e1s na soci\u00e1ln\u00edch s\u00edt\u00edch:<br \/>\n<a href=\"http:\/\/www.facebook.com\/babyoffice\/\">Facebook<\/a><br \/>\n<a href=\"https:\/\/www.instagram.com\/babyoffice1\/\">Instagram<\/a><br \/>\n<a href=\"https:\/\/cz.pinterest.com\/babyoffice\/_saved\/\">Pinterest<\/a><\/p>\n","protected":false},"excerpt":{"rendered":"<p>Adresa provozovny Baby Office, s.r.o P\u0159\u00edvorsk\u00e1 486\/27 181 00 Praha 8 \u2013 \u010cimice Kontakt pro objedn\u00e1vky: Anton\u00edn Mart\u00ednek &#8211; mob. 721 602 984 antonin.martinek@babyoffice.cz Provozn\u00ed doba: Po \u2013 \u010ct: 9:00 \u2013 15:00 po p\u0159edchoz\u00ed rezervaci S\u00eddlo firmy Baby Office, s.r.o. S\u00eddlo firmy: U Po\u0161ty 1, 180 00 Praha 8 I\u010cO: 01403982, DI\u010c: CZ01403982 \u010c. \u00fa\u010dtu: [&hellip;]<\/p>\n","protected":false},"author":1,"featured_media":0,"parent":0,"menu_order":0,"comment_status":"closed","ping_status":"closed","template":"","meta":{"_monsterinsights_skip_tracking":false,"_monsterinsights_sitenote_active":false,"_monsterinsights_sitenote_note":"","_monsterinsights_sitenote_category":0,"footnotes":""},"class_list":["post-80","page","type-page","status-publish","hentry"],"aioseo_notices":[],"_links":{"self":[{"href":"https:\/\/www.mobilnikoutky.cz\/index.php\/wp-json\/wp\/v2\/pages\/80","targetHints":{"allow":["GET"]}}],"collection":[{"href":"https:\/\/www.mobilnikoutky.cz\/index.php\/wp-json\/wp\/v2\/pages"}],"about":[{"href":"https:\/\/www.mobilnikoutky.cz\/index.php\/wp-json\/wp\/v2\/types\/page"}],"author":[{"embeddable":true,"href":"https:\/\/www.mobilnikoutky.cz\/index.php\/wp-json\/wp\/v2\/users\/1"}],"replies":[{"embeddable":true,"href":"https:\/\/www.mobilnikoutky.cz\/index.php\/wp-json\/wp\/v2\/comments?post=80"}],"version-history":[{"count":14,"href":"https:\/\/www.mobilnikoutky.cz\/index.php\/wp-json\/wp\/v2\/pages\/80\/revisions"}],"predecessor-version":[{"id":965,"href":"https:\/\/www.mobilnikoutky.cz\/index.php\/wp-json\/wp\/v2\/pages\/80\/revisions\/965"}],"wp:attachment":[{"href":"https:\/\/www.mobilnikoutky.cz\/index.php\/wp-json\/wp\/v2\/media?parent=80"}],"curies":[{"name":"wp","href":"https:\/\/api.w.org\/{rel}","templated":true}]}}