{"id":78,"date":"2017-06-05T11:32:24","date_gmt":"2017-06-05T09:32:24","guid":{"rendered":"http:\/\/www.mobilnikoutky.cz\/?page_id=78"},"modified":"2023-02-15T11:31:09","modified_gmt":"2023-02-15T10:31:09","slug":"doprava","status":"publish","type":"page","link":"https:\/\/www.mobilnikoutky.cz\/index.php\/doprava\/","title":{"rendered":"Doprava"},"content":{"rendered":"<p><strong>Dopravu kalkulujeme individu\u00e1ln\u011b na vy\u017e\u00e1d\u00e1n\u00ed. Pros\u00edm, kontaktujte n\u00e1s.<\/strong><\/p>\n","protected":false},"excerpt":{"rendered":"<p>Dopravu kalkulujeme individu\u00e1ln\u011b na vy\u017e\u00e1d\u00e1n\u00ed. Pros\u00edm, kontaktujte n\u00e1s.<\/p>\n","protected":false},"author":1,"featured_media":0,"parent":0,"menu_order":0,"comment_status":"closed","ping_status":"closed","template":"","meta":{"_monsterinsights_skip_tracking":false,"_monsterinsights_sitenote_active":false,"_monsterinsights_sitenote_note":"","_monsterinsights_sitenote_category":0,"footnotes":""},"class_list":["post-78","page","type-page","status-publish","hentry"],"aioseo_notices":[],"_links":{"self":[{"href":"https:\/\/www.mobilnikoutky.cz\/index.php\/wp-json\/wp\/v2\/pages\/78","targetHints":{"allow":["GET"]}}],"collection":[{"href":"https:\/\/www.mobilnikoutky.cz\/index.php\/wp-json\/wp\/v2\/pages"}],"about":[{"href":"https:\/\/www.mobilnikoutky.cz\/index.php\/wp-json\/wp\/v2\/types\/page"}],"author":[{"embeddable":true,"href":"https:\/\/www.mobilnikoutky.cz\/index.php\/wp-json\/wp\/v2\/users\/1"}],"replies":[{"embeddable":true,"href":"https:\/\/www.mobilnikoutky.cz\/index.php\/wp-json\/wp\/v2\/comments?post=78"}],"version-history":[{"count":2,"href":"https:\/\/www.mobilnikoutky.cz\/index.php\/wp-json\/wp\/v2\/pages\/78\/revisions"}],"predecessor-version":[{"id":843,"href":"https:\/\/www.mobilnikoutky.cz\/index.php\/wp-json\/wp\/v2\/pages\/78\/revisions\/843"}],"wp:attachment":[{"href":"https:\/\/www.mobilnikoutky.cz\/index.php\/wp-json\/wp\/v2\/media?parent=78"}],"curies":[{"name":"wp","href":"https:\/\/api.w.org\/{rel}","templated":true}]}}