{"id":36,"date":"2018-01-22T12:31:53","date_gmt":"2018-01-22T11:31:53","guid":{"rendered":"http:\/\/www.mobilnikoutky.cz\/?page_id=36"},"modified":"2024-01-23T14:08:59","modified_gmt":"2024-01-23T13:08:59","slug":"vseobecne-obchodni-podminky","status":"publish","type":"page","link":"https:\/\/www.mobilnikoutky.cz\/index.php\/vseobecne-obchodni-podminky\/","title":{"rendered":"Obchodn\u00ed podm\u00ednky"},"content":{"rendered":"<p><span style=\"color: #000000;\">spole\u010dnosti\u00a0<strong>Baby Office, s.r.o.<\/strong>, se s\u00eddlem U po\u0161ty 1474\/1, Libe\u0148, 180 00 Praha\u00a08,<\/span><\/p>\n<p><span style=\"color: #000000;\">I\u010c: 01403982, zapsan\u00e9 v\u00a0obchodn\u00edm rejst\u0159\u00edku veden\u00e9m M\u011bstsk\u00fdm soudem v\u00a0Praze,<\/span><\/p>\n<p><span style=\"color: #000000;\">odd\u00edl C, vlo\u017eka 205933 (d\u00e1le jen \u201e<strong>dodavatel<\/strong>\u201c)<\/span><\/p>\n<p><span style=\"color: #000000;\"><strong>\u00a0<\/strong><\/span><\/p>\n<p><span style=\"color: #000000;\"><strong>1)\u00a0\u00davodn\u00ed ustanoven\u00ed<\/strong><\/span><\/p>\n<p><span style=\"color: #000000;\">1.1.\u00a0Dodavatel poskytuje objednatel\u016fm \u2013 fyzick\u00fdm a pr\u00e1vnick\u00fdm osob\u00e1m (d\u00e1le jen \u201e<strong>klient\/i<\/strong>\u201c) zejm\u00e9na tyto slu\u017eby a produkty:<\/span><\/p>\n<ul>\n<li><span style=\"color: #000000;\">Eventy pro d\u011bti \u2013 organizace d\u011btsk\u00fdch spole\u010densk\u00fdch akc\u00ed<\/span><\/li>\n<li><span style=\"color: #000000;\">Pron\u00e1jem d\u011btsk\u00e9ho vybaven\u00ed \u2013 n\u00e1bytku pro d\u011btsk\u00e9 mobiln\u00ed koutky<\/span><\/li>\n<li><span style=\"color: #000000;\">Hl\u00edd\u00e1n\u00ed d\u011bt\u00ed<\/span><\/li>\n<li><span style=\"color: #000000;\">Tematick\u00e9 stezky<\/span><\/li>\n<li><span style=\"color: #000000;\">Z\u00e1bavn\u00edky &#8211; z\u00e1bavn\u011b nau\u010dn\u00e9 materi\u00e1ly<\/span><\/li>\n<li><span style=\"color: #000000;\">Vzd\u011bl\u00e1vac\u00ed materi\u00e1ly<\/span><\/li>\n<li><span style=\"color: #000000;\">D\u00e1rkov\u00e9 bal\u00ed\u010dky<\/span><\/li>\n<li><span style=\"color: #000000;\">Dal\u0161\u00ed slu\u017eby a produkty<\/span><\/li>\n<\/ul>\n<p><span style=\"color: #000000;\">(d\u00e1le jen \u201e<strong>slu\u017eby \u010di produkty<\/strong>\u201c)<\/span><\/p>\n<p><span style=\"color: #000000;\">1.2.\u00a0Detailn\u00ed obsah aktu\u00e1ln\u011b nab\u00edzen\u00fdch slu\u017eeb je v\u017edy definov\u00e1n na ofici\u00e1ln\u00edch webov\u00fdch str\u00e1nk\u00e1ch dodavatele\u00a0<a style=\"color: #000000;\" href=\"http:\/\/www.babyoffice.cz\/\">www.babyoffice.cz<\/a>\u00a0nebo v\u00a0p\u0159\u00edpad\u011b pron\u00e1jmu d\u011btsk\u00e9ho vybaven\u00ed na\u00a0<a style=\"color: #000000;\" href=\"http:\/\/www.mobilnikoutky.cz\/\">www.mobilnikoutky.cz<\/a>.<\/span><\/p>\n<p><span style=\"color: #000000;\">1.3.\u00a0Tyto obchodn\u00ed podm\u00ednky upravuj\u00ed vz\u00e1jemn\u00e1 pr\u00e1va a povinnosti dodavatele a klienta (d\u00e1le spole\u010dn\u011b tak\u00e9 jako \u201e<strong>smluvn\u00ed strany<\/strong>\u201c) v\u00a0souvislosti s\u00a0objedn\u00e1vkou slu\u017eeb.<\/span><\/p>\n<p><span style=\"color: #000000;\"><strong>2)\u00a0OBJEDN\u00c1VKA A UZAV\u0158EN\u00cd SMLOUVY<\/strong><\/span><\/p>\n<p><span style=\"color: #000000;\">2.1.\u00a0Smlouva mezi dodavatelem a klientem o poskytnut\u00ed slu\u017eeb (d\u00e1le jen \u201e<strong>smlouva<\/strong>\u201c) se uzav\u00edr\u00e1 na z\u00e1klad\u011b z\u00e1vazn\u00e9 objedn\u00e1vky zaslan\u00e9 klientem (d\u00e1le jen \u201e<strong>objedn\u00e1vka<\/strong>\u201c) a potvrzen\u00e9 dodavatelem.<\/span><\/p>\n<p><span style=\"color: #000000;\">2.2.\u00a0Komunikace mezi dodavatelem a klientem prob\u00edh\u00e1 zpravidla osobn\u011b, telefonicky nebo p\u00edsemn\u011b; za p\u00edsemnou komunikaci se pova\u017euje i komunikace e-mailem.<\/span><\/p>\n<p><span style=\"color: #000000;\">2.3. Postup p\u0159i uzav\u00edr\u00e1n\u00ed smlouvy:<\/span><\/p>\n<p><span style=\"color: #000000;\">Na z\u00e1klad\u011b projeven\u00e9 popt\u00e1vky klienta o slu\u017eby vypracuje dodavatel konkr\u00e9tn\u00ed nab\u00eddku na m\u00edru (n\u00e1vrh smlouvy). Nab\u00eddka obsahuje alespo\u0148 podstatn\u00e9 n\u00e1le\u017eitosti smlouvy, zejm\u00e9na identifikaci smluvn\u00edch stran a jejich kontaktn\u00ed \u00fadaje, vymezen\u00ed p\u0159edm\u011btu smlouvy, p\u0159edpokl\u00e1danou cenu nebo zp\u016fsob jej\u00edho ur\u010den\u00ed, platebn\u00ed podm\u00ednky, po\u017eadavek na slo\u017een\u00ed pen\u011b\u017eit\u00e9 jistoty (vratn\u00e9 kauce), jej\u00ed v\u00fd\u0161e, term\u00edn a m\u00edsto pln\u011bn\u00ed. Nab\u00eddku za\u0161le dodavatel klientovi v\u017edy p\u00edsemn\u011b. Spolu s\u00a0nab\u00eddkou za\u0161le dodavatel klientovi v\u017edy tak\u00e9 tyto obchodn\u00ed podm\u00ednky tak, aby se s\u00a0nimi klient mohl detailn\u011b sezn\u00e1mit a prohl\u00e1sit, \u017ee tyto obchodn\u00ed podm\u00ednky obdr\u017eel, s\u00a0jejich textem se sezn\u00e1mil, pln\u011b mu porozum\u011bl a souhlas\u00ed s\u00a0n\u00edm.\u00a0<\/span><\/p>\n<p><span style=\"color: #000000;\">O p\u0159\u00edpadn\u00e9 \u00faprav\u011b nab\u00eddky na z\u00e1klad\u011b po\u017eadavku klienta mohou n\u00e1sledn\u011b prob\u00edhat konzultace mezi dodavatelem a klientem, a to osobn\u011b, telefonicky \u010di p\u00edsemn\u011b.<\/span><\/p>\n<p><span style=\"color: #000000;\">Pot\u00e9, kdy klient nab\u00eddku p\u0159ijme, za\u0161le dodavateli p\u00edsemn\u011b z\u00e1vaznou objedn\u00e1vku slu\u017eeb (akceptace nab\u00eddky). Zasl\u00e1n\u00edm objedn\u00e1vky klient sou\u010dasn\u011b potvrzuje,<\/span><\/p>\n<ul>\n<li><span style=\"color: #000000;\">\u017ee ve\u0161ker\u00e9 \u00fadaje, kter\u00e9 dodavateli poskytl, jsou pravdiv\u00e9, \u00fapln\u00e9 a spr\u00e1vn\u00e9;<\/span><\/li>\n<li><span style=\"color: #000000;\">\u017ee se sezn\u00e1mil s\u00a0t\u011bmito obchodn\u00edmi podm\u00ednkami, jejich textu porozum\u011bl a souhlas\u00ed s\u00a0nimi;<\/span><\/li>\n<\/ul>\n<p><span style=\"color: #000000;\">2.4.\u00a0Smluvn\u00ed vztah mezi klientem a dodavatelem vznik\u00e1 v\u00a0okam\u017eiku, kdy dodavatel klientovi potvrd\u00ed, \u017ee jeho z\u00e1vaznou objedn\u00e1vku obdr\u017eel a \u017ee ji p\u0159ij\u00edm\u00e1.<\/span><\/p>\n<p><span style=\"color: #000000;\">2.5.\u00a0Obsahuje-li nab\u00eddka, resp. z\u00e1vazn\u00e1 objedn\u00e1vka, takov\u00e1 ujedn\u00e1n\u00ed, kter\u00e1 jsou odli\u0161n\u00e1 od ustanoven\u00ed t\u011bchto obchodn\u00edch podm\u00ednek, m\u00e1 p\u0159ednost zn\u011bn\u00ed uveden\u00e9 v\u00a0nab\u00eddce, resp. objedn\u00e1vce (obsah smlouvy).<\/span><\/p>\n<p><span style=\"color: #000000;\"><strong>3)\u00a0PLATEBN\u00cd PODM\u00cdNKY<\/strong><\/span><\/p>\n<p><span style=\"color: #000000;\">3.1.\u00a0Klient se zavazuje zaplatit za poskytnut\u00e9 slu\u017eby dodavateli dohodnutou cenu uvedenou v\u00a0z\u00e1vazn\u00e9 objedn\u00e1vce klienta potvrzen\u00e9 dodavatelem.<\/span><\/p>\n<p><span style=\"color: #000000;\">3.2.\u00a0Platebn\u00ed podm\u00ednky a term\u00edny splatnosti se mohou li\u0161it dle druhu poskytovan\u00fdch slu\u017eeb a term\u00ednu pln\u011bn\u00ed; jsou tedy v\u017edy konkretizov\u00e1ny v\u00a0nab\u00eddce slu\u017eeb zaslan\u00e9 klientovi dodavatelem.<\/span><\/p>\n<p><span style=\"color: #000000;\">3.3.\u00a0P\u0159i organizaci d\u011btsk\u00e9 akce a zap\u016fj\u010den\u00ed vybaven\u00ed je obvykl\u00e1 v\u00fd\u0161e z\u00e1lohy 50 % z\u00a0kone\u010dn\u00e9 ceny a klient ji hrad\u00ed dodavateli na z\u00e1klad\u011b vystaven\u00e9 z\u00e1lohov\u00e9 faktury nejm\u00e9n\u011b 14 dn\u016f p\u0159ed realizac\u00ed akce. Po zaplacen\u00ed z\u00e1lohy dodavatel za\u0161le klientovi da\u0148ov\u00fd doklad. P\u0159i nedodr\u017een\u00ed podm\u00ednek \u00fahrady z\u00e1lohy si dodavatel vyhrazuje pr\u00e1vo od smlouvy odstoupit.<\/span><\/p>\n<p><span style=\"color: #000000;\">3.4. Ve lh\u016ft\u011b zpravidla do 14 dn\u016f po realizaci akce vystav\u00ed dodavatel klientovi fakturu (da\u0148ov\u00fd doklad). Zb\u00fdvaj\u00edc\u00ed \u010d\u00e1stku z dohodnut\u00e9 kone\u010dn\u00e9 ceny slu\u017eeb (po ode\u010dten\u00ed zaplacen\u00e9 z\u00e1lohy) je klient povinen uhradit ve lh\u016ft\u011b 14 dn\u016f od dodavatelem vystaven\u00ed faktury klientovi.<\/span><\/p>\n<p><span style=\"color: #000000;\">3.5.\u00a0Klient bere na v\u011bdom\u00ed, \u017ee v\u00a0p\u0159\u00edpad\u011b prodlen\u00ed se zaplacen\u00edm ceny je povinen uhradit dodavateli tak\u00e9 \u00farok z\u00a0prodlen\u00ed v\u00a0z\u00e1konem stanoven\u00e9 v\u00fd\u0161i a smluvn\u00ed pokutu ve v\u00fd\u0161i 0,05\u00a0% za ka\u017ed\u00fd zapo\u010dat\u00fd den prodlen\u00ed.<\/span><\/p>\n<p><span style=\"color: #000000;\">3.6. V p\u0159\u00edpad\u011b pron\u00e1jmu d\u011btsk\u00e9ho vybaven\u00ed \u2013 n\u00e1bytku pro d\u011btsk\u00e9 mobiln\u00ed koutky, m\u016f\u017ee dodavatel po klientovi po\u017eadovat slo\u017een\u00ed pen\u011b\u017eit\u00e9 jistoty (vratn\u00e9 kauce) v p\u0159im\u011b\u0159en\u00e9 v\u00fd\u0161i, zpravidla 5000 K\u010d, pro p\u0159\u00edpad, \u017ee dojde k po\u0161kozen\u00ed, zni\u010den\u00ed \u010di odcizen\u00ed pronajat\u00fdch p\u0159edm\u011bt\u016f. V p\u0159\u00edpad\u011b vzniku \u0161kody na pronajat\u00e9m vybaven\u00ed m\u00e1 dodavatel pr\u00e1vo uspokojit se z t\u00e9to pen\u011b\u017eit\u00e9 jistoty.<\/span><\/p>\n<p><span style=\"color: #000000;\">3.7. Klient m\u016f\u017ee za produkty v e-shopu platit kartou a platebn\u00edmi tla\u010d\u00edtky bank. Poskytovatel\u00a0platebn\u00ed br\u00e1ny je spole\u010dnost <a style=\"color: #000000;\" href=\"https:\/\/www.comgate.cz\/cz\/platebni-brana\">ComGate Payments, a.s.<\/a>\u00a0<\/span><br \/>\n<span style=\"color: #000000;\">Pro p\u0159\u00edpadn\u00e9 reklamace nebo dotazy k platb\u00e1m:<\/span><br \/>\n<span style=\"color: #000000;\">ComGate Payments, a.s.<\/span><br \/>\n<span style=\"color: #000000;\">Go\u010d\u00e1rova t\u0159\u00edda 1754\/48b, Hradec Kr\u00e1lov\u00e9<\/span><br \/>\n<span style=\"color: #000000;\">E-mail: platby-podpora@comgate.cz<\/span><br \/>\n<span style=\"color: #000000;\">Tel: +420 228 224 267<\/span><\/p>\n<p>3.8. U objedn\u00e1vek na www.mobilnikoutky.cz do 2000 K\u010d bez DPH p\u0159ipo\u010d\u00edt\u00e1v\u00e1me k cen\u011b manipula\u010dn\u00ed poplatek 500 K\u010d bez DPH.<\/p>\n<p><span style=\"color: #000000;\"><strong>4)\u00a0ODPOV\u011aDNOST ZA \u0160KODU<\/strong><\/span><\/p>\n<p><span style=\"color: #000000;\">4.1.\u00a0Dodavatel prohla\u0161uje, \u017ee je \u0159\u00e1dn\u011b poji\u0161t\u011bn pro p\u0159\u00edpad vzniku odpov\u011bdnosti za \u0161kodu, a to a\u017e do v\u00fd\u0161e p\u011bti milion\u016f korun \u010desk\u00fdch. Poji\u0161t\u011bn\u00ed se t\u00fdk\u00e1 v\u00fdhradn\u011b slu\u017eeb poskytovan\u00fdch registrovan\u00fdm u\u017eivatel\u016fm slu\u017eeb D\u011btsk\u00e9ho koutku, tj. hl\u00edd\u00e1n\u00ed d\u011bt\u00ed, kter\u00e9 jsou dodavateli sv\u011b\u0159eny ke hl\u00edd\u00e1n\u00ed bez p\u0159\u00edtomnosti rodi\u010d\u016f a na z\u00e1klad\u011b jejich v\u00fdslovn\u00e9ho souhlasu a po vypln\u011bn\u00ed a podeps\u00e1n\u00ed p\u0159\u00edslu\u0161n\u00e9ho formul\u00e1\u0159e o zaji\u0161t\u011bn\u00ed hl\u00edd\u00e1n\u00ed d\u011bt\u00ed rodi\u010dem.<\/span><\/p>\n<p><span style=\"color: #000000;\">4.2.\u00a0Dodavatel nenese \u017e\u00e1dnou odpov\u011bdnost za p\u0159\u00edpadnou \u0161kodu vzniklou na z\u00e1klad\u011b jedn\u00e1n\u00ed ostatn\u00edch osob \u2013 \u00fa\u010dastn\u00edk\u016f organizovan\u00e9 akce nebo d\u011bt\u00ed, kter\u00e9 mu nejsou v\u00fdslovn\u011b sv\u011b\u0159eny ke hl\u00edd\u00e1n\u00ed.<\/span><\/p>\n<p><span style=\"color: #000000;\">4.3. V p\u0159\u00edpad\u011b pron\u00e1jmu d\u011btsk\u00e9ho vybaven\u00ed \u2013 n\u00e1bytku pro d\u011btsk\u00e9 mobiln\u00ed koutky, bere klient na v\u011bdom\u00ed, \u017ee je pln\u011b odpov\u011bdn\u00fd za to, \u017ee p\u0159edm\u011bt pron\u00e1jmu vr\u00e1t\u00ed zp\u011bt \u0159\u00e1dn\u011b a v\u010das v p\u016fvodn\u00edm stavu v dob\u011b p\u0159evzet\u00ed. V p\u0159\u00edpad\u011b, \u017ee dojde k po\u0161kozen\u00ed, zni\u010den\u00ed \u010di odcizen\u00ed p\u0159edm\u011btu pron\u00e1jmu, je klient povinen uhradit \u0161kodu v pen\u011bz\u00edch ve v\u00fd\u0161i ceny obvykl\u00e9, p\u0159\u00edpadn\u011b uveden\u00edm do p\u016fvodn\u00edho stavu.<\/span><\/p>\n<p><span style=\"color: #000000;\"><strong>5)\u00a0LICENCE U\u017dIT\u00cd D\u00cdLA<\/strong><\/span><\/p>\n<p><span style=\"color: #000000;\">5.1.\u00a0V\u00a0p\u0159\u00edpad\u011b objedn\u00e1n\u00ed a n\u00e1sledn\u00e9ho doru\u010den\u00ed produkt\u016f, kter\u00e9 svoj\u00ed povahou spadaj\u00ed do autorsk\u00e9 tvorby dodavatele (nap\u0159. tematick\u00e9 stezky, vzd\u011bl\u00e1vac\u00ed materi\u00e1ly \u2013 inspirovn\u00edky, karty emoc\u00ed atd.), poskytuje dodavatel (autor) klientovi jednu licenci k\u00a0u\u017eit\u00ed d\u00edla. Tato licence obsahuje u\u017eit\u00ed v\u00a0tomto rozsahu:<\/span><\/p>\n<p><span style=\"color: #000000;\">&#8211; Autor ud\u011bluje klientovi svolen\u00ed k u\u017eit\u00ed d\u00edla a souhlas\u00ed s\u00a0t\u00edm, aby bylo d\u00edlo nebo jeho \u010d\u00e1st u\u017eita bez uveden\u00ed jeho autorstv\u00ed.<\/span><\/p>\n<p><span style=\"color: #000000;\">&#8211; Autor ud\u011bluje klientovi mo\u017enost u\u017e\u00edvat licenci samostatn\u011b nebo ve spojen\u00ed s\u00a0vlastn\u00ed propagac\u00ed d\u00edla a d\u00e1le mo\u017enost opr\u00e1vn\u011bn\u00ed d\u00edlo upravit \u010di zm\u011bnit pro svoji vlastn\u00ed pot\u0159ebu.<\/span><\/p>\n<p><span style=\"color: #000000;\">&#8211; U\u017eit\u00ed d\u00edla se vztahuje na jednu organizaci klienta. Klient nen\u00ed opr\u00e1vn\u011bn pr\u00e1va z\u00a0licence z\u010d\u00e1sti nebo zcela, \u00faplatn\u011b \u010di bez\u00faplatn\u011b, postoupit t\u0159et\u00ed osob\u011b.<\/span><\/p>\n<p><span style=\"color: #000000;\">&#8211; Autor je opr\u00e1vn\u011bn d\u00edlo u\u017e\u00edt pro svoji vlastn\u00ed pot\u0159ebu \u2013 nekomer\u010dn\u011b pro svoji propagaci a propagaci d\u00edla, komer\u010dn\u011b prodejem licenc\u00ed dal\u0161\u00edm subjekt\u016fm. \u00a0<\/span><\/p>\n<p><span style=\"color: #000000;\">&#8211; V\u00a0p\u0159\u00edpad\u011b z\u00e1jmu klienta o produkt na m\u00edru a jeho v\u00fdhradn\u00ed vyu\u017eit\u00ed je toto \u0159e\u0161eno individu\u00e1ln\u011b a kalkulov\u00e1no \u010d\u00e1stkou v\u00a0odpov\u00eddaj\u00edc\u00ed hodnot\u011b.<\/span><\/p>\n<p><span style=\"color: #000000;\">5.2. Mno\u017estevn\u00ed rozsah je ve standardn\u00edm prodeji umo\u017en\u011bn do 1000 ks v\u00fdtisk\u016f\/distribuce. V p\u0159\u00edpad\u011b z\u00e1jmu klienta o vy\u0161\u0161\u00ed mno\u017estv\u00ed, je toto kalkulov\u00e1no individu\u00e1ln\u011b.<\/span><\/p>\n<p><span style=\"color: #000000;\">5.3. Verze produkt\u016f, kter\u00e9 jsou poskytov\u00e1ny zdarma, slou\u017e\u00ed pouze pro uk\u00e1zku a nesm\u011bj\u00ed b\u00fdt zneu\u017e\u00edv\u00e1ny. Nab\u00eddka zdarma je omezena na jeden kus v\u00fdtisku\/sta\u017een\u00ed a nem\u016f\u017ee b\u00fdt opakovan\u011b vyu\u017eita pro stejn\u00fd soubor. V p\u0159\u00edpad\u011b z\u00e1jmu klienta o produkt zdarma ve vy\u0161\u0161\u00edm mno\u017estevn\u00edm rozsahu, je toto \u0159e\u0161eno individu\u00e1ln\u011b.<\/span><\/p>\n<p>5.4. QR k\u00f3dy pou\u017eit\u00e9 zejm\u00e9na v\u00a0tematick\u00fdch stezk\u00e1ch, p\u0159\u00edp. v\u00a0dal\u0161\u00edch vzd\u011bl\u00e1vac\u00edch materi\u00e1lech a produktech, jsou odkazy, jejich\u017e platnost je zaru\u010dena minim\u00e1ln\u011b do 31. ledna 2025. N\u011bkter\u00e9 QR k\u00f3dy jsou tzv. dynamick\u00fdmi QR k\u00f3dy, u nich\u017e po tomto datu dodavatel nezaru\u010duje jejich funk\u010dnost \u010di platnost.<\/p>\n<p><span style=\"color: #000000;\"><strong>6) ODSTOUPEN\u00cd OD SMLOUVY<\/strong><\/span><\/p>\n<p><span style=\"color: #000000;\">6.1.\u00a0Odstoupen\u00ed od smlouvy je mo\u017en\u00e9 dohodou obou smluvn\u00edch stran kdykoliv.<\/span><\/p>\n<p><span style=\"color: #000000;\">6.2. Dodavatel m\u00e1 v\u017edy pr\u00e1vo odstoupit od smlouvy v p\u0159\u00edpad\u011b nedodr\u017een\u00ed dohodnut\u00fdch podm\u00ednek klientem.<\/span><\/p>\n<p><span style=\"color: #000000;\">6.3. V p\u0159\u00edpad\u011b realizace slu\u017eeb mohou ob\u011b smluvn\u00ed strany odstoupit od smlouvy 30 a v\u00edce dn\u016f p\u0159ed jej\u00edm kon\u00e1n\u00edm bez stornopoplatku. Odstoupen\u00ed od smlouvy mus\u00ed b\u00fdt provedeno v\u017edy p\u00edsemn\u011b, v p\u0159\u00edpad\u011b komunikace e-mailem je t\u0159eba vy\u017e\u00e1dat si potvrzen\u00ed o doru\u010den\u00ed odstoupen\u00ed druh\u00e9 smluvn\u00ed stran\u011b.\u00a0\u00a0<\/span><\/p>\n<p><span style=\"color: #000000;\">6.4. V p\u0159\u00edpad\u011b odstoupen\u00ed od smlouvy ve lh\u016ft\u011b krat\u0161\u00ed ne\u017e 30 dn\u016f, vznik\u00e1 dodavateli n\u00e1rok na stornopoplatek ve v\u00fd\u0161i re\u00e1ln\u00fdch vynalo\u017een\u00fdch n\u00e1klad\u016f, minim\u00e1ln\u011b v\u0161ak ve v\u00fd\u0161i dle n\u00ed\u017ee uveden\u00e9ho, nen\u00ed-li v\u0161ak dohodnuto jinak:<\/span><\/p>\n<table style=\"border-collapse: collapse; width: 100%; height: 92px;\">\n<tbody>\n<tr style=\"height: 23px;\">\n<td style=\"width: 50%; height: 23px;\"><span style=\"color: #000000;\">m\u00e9n\u011b ne\u017e 30 kalend\u00e1\u0159n\u00edch dn\u016f p\u0159ed kon\u00e1n\u00edm akce<\/span><\/td>\n<td style=\"width: 50%; height: 23px;\"><span style=\"color: #000000;\">30 % z dohodnut\u00e9 ceny akce<\/span><\/td>\n<\/tr>\n<tr style=\"height: 23px;\">\n<td style=\"width: 50%; height: 23px;\"><span style=\"color: #000000;\">m\u00e9n\u011b ne\u017e 14 kalend\u00e1\u0159n\u00edch dn\u016f p\u0159ed kon\u00e1n\u00edm akce<\/span><\/td>\n<td style=\"width: 50%; height: 23px;\"><span style=\"color: #000000;\">40 % z dohodnut\u00e9 ceny akce<\/span><\/td>\n<\/tr>\n<tr style=\"height: 23px;\">\n<td style=\"width: 50%; height: 23px;\"><span style=\"color: #000000;\">m\u00e9n\u011b ne\u017e 7 kalend\u00e1\u0159n\u00edch dn\u016f p\u0159ed kon\u00e1n\u00edm akce<\/span><\/td>\n<td style=\"width: 50%; height: 23px;\"><span style=\"color: #000000;\">60 % z dohodnut\u00e9 ceny akce<\/span><\/td>\n<\/tr>\n<tr style=\"height: 23px;\">\n<td style=\"width: 50%; height: 23px;\"><span style=\"color: #000000;\">m\u00e9n\u011b ne\u017e 3 kalend\u00e1\u0159n\u00ed dny p\u0159ed kon\u00e1n\u00edm akce<\/span><\/td>\n<td style=\"width: 50%; height: 23px;\"><span style=\"color: #000000;\">100 % z dohodnut\u00e9 ceny akce<\/span><\/td>\n<\/tr>\n<\/tbody>\n<\/table>\n<p><span style=\"color: #000000;\"><strong>7)\u00a0REKLAMACE<\/strong><\/span><\/p>\n<p><span style=\"color: #000000;\">7.1.\u00a0Pr\u00e1va z\u00a0vadn\u00e9ho pln\u011bn\u00ed je mo\u017eno uplatnit osobn\u011b \u010di p\u00edsemn\u011b. Z\u00a0podan\u00e9 reklamace mus\u00ed b\u00fdt v\u017edy z\u0159ejm\u00fd jej\u00ed konkr\u00e9tn\u00ed d\u016fvod a specifikov\u00e1n charakter p\u0159\u00edpadn\u00e9ho pochyben\u00ed v\u010detn\u011b toho, \u010deho se klient reklamac\u00ed dom\u00e1h\u00e1, p\u0159\u00edpadn\u011b jak\u00fd je jeho n\u00e1vrh na \u0159e\u0161en\u00ed reklamace.<\/span><\/p>\n<p><span style=\"color: #000000;\">7.2. Lh\u016fta pro vy\u0159\u00edzen\u00ed reklamace dodavatelem je 30 dn\u016f ode dne doru\u010den\u00ed.<\/span><\/p>\n<p><span style=\"color: #000000;\"><strong>8)\u00a0SOUHLAS SE ZPRACOV\u00c1N\u00cdM OSOBN\u00cdCH \u00daDAJ\u016e<\/strong><\/span><\/p>\n<p><span style=\"color: #000000;\">8.1.\u00a0Okam\u017eikem doru\u010den\u00ed z\u00e1vazn\u00e9 objedn\u00e1vky klienta dodavateli, poskytuje klient dodavateli sv\u00e9 osobn\u00ed \u00fadaje v\u00a0tomto rozsahu: jm\u00e9no, p\u0159\u00edjmen\u00ed, n\u00e1zev firmy, adresa trval\u00e9ho bydli\u0161t\u011b, adresa s\u00eddla spole\u010dnosti, e-mailov\u00e1 adresa, I\u010c, DI\u010c, telefonn\u00ed \u010d\u00edslo, bankovn\u00ed spojen\u00ed.<\/span><\/p>\n<p><span style=\"color: #000000;\">8.2.\u00a0Klient prohla\u0161uje, \u017ee v\u00fdslovn\u011b souhlas\u00ed se zpracov\u00e1n\u00edm t\u011bchto osobn\u00edch \u00fadaj\u016f ve v\u00fd\u0161e uveden\u00e9m rozsahu. Tyto osobn\u00ed \u00fadaje klienta budou dodavatelem zpracov\u00e1v\u00e1ny v\u00fdhradn\u011b za \u00fa\u010delem veden\u00ed evidence o klientech, jim\u017e byly poskytnuty slu\u017eby, za \u00fa\u010delem\u00a0pln\u011bn\u00ed z\u00e1konn\u00fdch povinnost\u00ed vypl\u00fdvaj\u00edc\u00edch z p\u0159\u00edslu\u0161n\u00e9ho vztahu mezi klientem a dodavatelem, za \u00fa\u010delem ochrany pr\u00e1v a z\u00e1jm\u016f dodavatele chr\u00e1n\u011bn\u00fdch z\u00e1konem, za \u00fa\u010delem nab\u00eddky slu\u017eeb a zas\u00edl\u00e1n\u00ed obchodn\u00edch sd\u011blen\u00ed t\u00fdkaj\u00edc\u00edch se \u010dinnosti dodavatele.<\/span><\/p>\n<p><span style=\"color: #000000;\">8.3.\u00a0Klient v\u00fdslovn\u011b souhlas\u00ed s\u00a0t\u00edm, aby mu dodavatel zas\u00edlal nab\u00eddky sv\u00fdch slu\u017eeb a jin\u00e1 obchodn\u00ed sd\u011blen\u00ed na jeho emailovou adresu.<\/span><\/p>\n<p><span style=\"color: #000000;\">8.4. Dodavatel je opr\u00e1vn\u011bn uchov\u00e1vat osobn\u00ed \u00fadaje pouze po dobu, kter\u00e1 je nezbytn\u00e1 k \u00fa\u010delu jejich zpracov\u00e1n\u00ed. Po uplynut\u00ed t\u00e9to doby je dodavatel povinen zajistit jejich likvidaci.<\/span><\/p>\n<p><span style=\"color: #000000;\">8.5.\u00a0Klient bere na v\u011bdom\u00ed, \u017ee sv\u016fj souhlas se zpracov\u00e1n\u00edm osobn\u00edch \u00fadaj\u016f m\u016f\u017ee kdykoliv odvolat. V\u00a0takov\u00e9m p\u0159\u00edpad\u011b se zavazuje doru\u010dit odvol\u00e1n\u00ed souhlasu dodavateli p\u00edsemn\u011b. Za p\u00edsemnou formu se pova\u017euje i doru\u010den\u00ed e-mailem.<\/span><\/p>\n<p><span style=\"color: #000000;\">Tyto obchodn\u00ed podm\u00ednky jsou platn\u00e9 a \u00fa\u010dinn\u00e9 od 23. 1. 2024.<\/span><\/p>\n","protected":false},"excerpt":{"rendered":"<p>spole\u010dnosti\u00a0Baby Office, s.r.o., se s\u00eddlem U po\u0161ty 1474\/1, Libe\u0148, 180 00 Praha\u00a08, I\u010c: 01403982, zapsan\u00e9 v\u00a0obchodn\u00edm rejst\u0159\u00edku veden\u00e9m M\u011bstsk\u00fdm soudem v\u00a0Praze, odd\u00edl C, vlo\u017eka 205933 (d\u00e1le jen \u201edodavatel\u201c) \u00a0 1)\u00a0\u00davodn\u00ed ustanoven\u00ed 1.1.\u00a0Dodavatel poskytuje objednatel\u016fm \u2013 fyzick\u00fdm a pr\u00e1vnick\u00fdm osob\u00e1m (d\u00e1le jen \u201eklient\/i\u201c) zejm\u00e9na tyto slu\u017eby a produkty: Eventy pro d\u011bti \u2013 organizace d\u011btsk\u00fdch spole\u010densk\u00fdch akc\u00ed [&hellip;]<\/p>\n","protected":false},"author":1,"featured_media":0,"parent":0,"menu_order":0,"comment_status":"closed","ping_status":"closed","template":"","meta":{"_monsterinsights_skip_tracking":false,"_monsterinsights_sitenote_active":false,"_monsterinsights_sitenote_note":"","_monsterinsights_sitenote_category":0,"footnotes":""},"class_list":["post-36","page","type-page","status-publish","hentry"],"aioseo_notices":[],"_links":{"self":[{"href":"https:\/\/www.mobilnikoutky.cz\/index.php\/wp-json\/wp\/v2\/pages\/36","targetHints":{"allow":["GET"]}}],"collection":[{"href":"https:\/\/www.mobilnikoutky.cz\/index.php\/wp-json\/wp\/v2\/pages"}],"about":[{"href":"https:\/\/www.mobilnikoutky.cz\/index.php\/wp-json\/wp\/v2\/types\/page"}],"author":[{"embeddable":true,"href":"https:\/\/www.mobilnikoutky.cz\/index.php\/wp-json\/wp\/v2\/users\/1"}],"replies":[{"embeddable":true,"href":"https:\/\/www.mobilnikoutky.cz\/index.php\/wp-json\/wp\/v2\/comments?post=36"}],"version-history":[{"count":11,"href":"https:\/\/www.mobilnikoutky.cz\/index.php\/wp-json\/wp\/v2\/pages\/36\/revisions"}],"predecessor-version":[{"id":889,"href":"https:\/\/www.mobilnikoutky.cz\/index.php\/wp-json\/wp\/v2\/pages\/36\/revisions\/889"}],"wp:attachment":[{"href":"https:\/\/www.mobilnikoutky.cz\/index.php\/wp-json\/wp\/v2\/media?parent=36"}],"curies":[{"name":"wp","href":"https:\/\/api.w.org\/{rel}","templated":true}]}}