{"id":29,"date":"2017-06-02T10:04:18","date_gmt":"2017-06-02T08:04:18","guid":{"rendered":"http:\/\/www.mobilnikoutky.cz\/index.php\/cart\/"},"modified":"2023-02-15T11:29:23","modified_gmt":"2023-02-15T10:29:23","slug":"cart","status":"publish","type":"page","link":"https:\/\/www.mobilnikoutky.cz\/index.php\/cart\/","title":{"rendered":"Ko\u0161\u00edk"},"content":{"rendered":"<p><strong>N\u00ed\u017ee najdete seznam produkt\u016f, kter\u00e9 jste si vybrali. Pokud chcete odeslat nez\u00e1vaznou popt\u00e1vku, klikn\u011bte na <a href=\"\/index.php\/checkout\/\">P\u0159ej\u00edt k pokladn\u011b<\/a>.<\/strong><\/p>\n\n","protected":false},"excerpt":{"rendered":"<p>N\u00ed\u017ee najdete seznam produkt\u016f, kter\u00e9 jste si vybrali. Pokud chcete odeslat nez\u00e1vaznou popt\u00e1vku, klikn\u011bte na P\u0159ej\u00edt k pokladn\u011b.<\/p>\n","protected":false},"author":1,"featured_media":0,"parent":0,"menu_order":0,"comment_status":"closed","ping_status":"closed","template":"","meta":{"_monsterinsights_skip_tracking":false,"_monsterinsights_sitenote_active":false,"_monsterinsights_sitenote_note":"","_monsterinsights_sitenote_category":0,"footnotes":""},"class_list":["post-29","page","type-page","status-publish","hentry"],"aioseo_notices":[],"_links":{"self":[{"href":"https:\/\/www.mobilnikoutky.cz\/index.php\/wp-json\/wp\/v2\/pages\/29","targetHints":{"allow":["GET"]}}],"collection":[{"href":"https:\/\/www.mobilnikoutky.cz\/index.php\/wp-json\/wp\/v2\/pages"}],"about":[{"href":"https:\/\/www.mobilnikoutky.cz\/index.php\/wp-json\/wp\/v2\/types\/page"}],"author":[{"embeddable":true,"href":"https:\/\/www.mobilnikoutky.cz\/index.php\/wp-json\/wp\/v2\/users\/1"}],"replies":[{"embeddable":true,"href":"https:\/\/www.mobilnikoutky.cz\/index.php\/wp-json\/wp\/v2\/comments?post=29"}],"version-history":[{"count":4,"href":"https:\/\/www.mobilnikoutky.cz\/index.php\/wp-json\/wp\/v2\/pages\/29\/revisions"}],"predecessor-version":[{"id":842,"href":"https:\/\/www.mobilnikoutky.cz\/index.php\/wp-json\/wp\/v2\/pages\/29\/revisions\/842"}],"wp:attachment":[{"href":"https:\/\/www.mobilnikoutky.cz\/index.php\/wp-json\/wp\/v2\/media?parent=29"}],"curies":[{"name":"wp","href":"https:\/\/api.w.org\/{rel}","templated":true}]}}