{"id":158,"date":"2018-01-08T11:28:18","date_gmt":"2018-01-08T10:28:18","guid":{"rendered":"http:\/\/www.mobilnikoutky.cz\/?page_id=158"},"modified":"2019-01-03T10:07:12","modified_gmt":"2019-01-03T09:07:12","slug":"jak-postupovat","status":"publish","type":"page","link":"https:\/\/www.mobilnikoutky.cz\/index.php\/jak-postupovat\/","title":{"rendered":"Jak postupovat?"},"content":{"rendered":"<p>Vyberte produkty, kter\u00e9 si <a href=\"http:\/\/www.mobilnikoutky.cz\/\">chcete pronajmout<\/a>. Pokud nem\u00e1te s realizac\u00ed d\u011btsk\u00fdch koutk\u016f zku\u0161enosti, r\u00e1di V\u00e1m zdarma porad\u00edme, co budete pot\u0159ebovat.\u00a0Produkty vlo\u017ete do ko\u0161\u00edku a p\u0159ejd\u011bte k nez\u00e1vazn\u00e9 popt\u00e1vce.<\/p>\n<p>Ceny p\u016fj\u010dovn\u00e9ho jsou uvedeny za 1 den. V p\u0159\u00edpad\u011b p\u016fj\u010den\u00ed na v\u00edce dn\u016f, je cena stanovena individu\u00e1ln\u011b.<\/p>\n<p>K cen\u011b p\u0159ipo\u010d\u00edt\u00e1v\u00e1me manipula\u010dn\u00ed poplatek ve v\u00fd\u0161i 300 K\u010d (bez DPH). V p\u0159\u00edpad\u011b, \u017ee je objedn\u00e1vka vy\u0161\u0161\u00ed ne\u017e 2000 K\u010d (bez DPH), manipula\u010dn\u00ed poplatek ne\u00fa\u010dtujeme.<\/p>\n<p>Pokud u n\u00e1s objedn\u00e1v\u00e1te poprv\u00e9, vy\u017eadujeme vratnou kauci.<\/p>\n<p>Pron\u00e1jem vybaven\u00ed se \u0159\u00edd\u00ed <a href=\"https:\/\/www.mobilnikoutky.cz\/index.php\/vseobecne-obchodni-podminky\/\">V\u0161eobecn\u00fdmi obchodn\u00edmi podm\u00ednkami<\/a>.<\/p>\n<p>&nbsp;<\/p>\n<p>&nbsp;<\/p>\n<p>&nbsp;<\/p>\n<p>&nbsp;<\/p>\n<p>&nbsp;<\/p>\n","protected":false},"excerpt":{"rendered":"<p>Vyberte produkty, kter\u00e9 si chcete pronajmout. Pokud nem\u00e1te s realizac\u00ed d\u011btsk\u00fdch koutk\u016f zku\u0161enosti, r\u00e1di V\u00e1m zdarma porad\u00edme, co budete pot\u0159ebovat.\u00a0Produkty vlo\u017ete do ko\u0161\u00edku a p\u0159ejd\u011bte k nez\u00e1vazn\u00e9 popt\u00e1vce. Ceny p\u016fj\u010dovn\u00e9ho jsou uvedeny za 1 den. V p\u0159\u00edpad\u011b p\u016fj\u010den\u00ed na v\u00edce dn\u016f, je cena stanovena individu\u00e1ln\u011b. K cen\u011b p\u0159ipo\u010d\u00edt\u00e1v\u00e1me manipula\u010dn\u00ed poplatek ve v\u00fd\u0161i 300 K\u010d (bez [&hellip;]<\/p>\n","protected":false},"author":1,"featured_media":0,"parent":0,"menu_order":0,"comment_status":"closed","ping_status":"closed","template":"","meta":{"_monsterinsights_skip_tracking":false,"_monsterinsights_sitenote_active":false,"_monsterinsights_sitenote_note":"","_monsterinsights_sitenote_category":0,"footnotes":""},"class_list":["post-158","page","type-page","status-publish","hentry"],"aioseo_notices":[],"_links":{"self":[{"href":"https:\/\/www.mobilnikoutky.cz\/index.php\/wp-json\/wp\/v2\/pages\/158","targetHints":{"allow":["GET"]}}],"collection":[{"href":"https:\/\/www.mobilnikoutky.cz\/index.php\/wp-json\/wp\/v2\/pages"}],"about":[{"href":"https:\/\/www.mobilnikoutky.cz\/index.php\/wp-json\/wp\/v2\/types\/page"}],"author":[{"embeddable":true,"href":"https:\/\/www.mobilnikoutky.cz\/index.php\/wp-json\/wp\/v2\/users\/1"}],"replies":[{"embeddable":true,"href":"https:\/\/www.mobilnikoutky.cz\/index.php\/wp-json\/wp\/v2\/comments?post=158"}],"version-history":[{"count":11,"href":"https:\/\/www.mobilnikoutky.cz\/index.php\/wp-json\/wp\/v2\/pages\/158\/revisions"}],"predecessor-version":[{"id":542,"href":"https:\/\/www.mobilnikoutky.cz\/index.php\/wp-json\/wp\/v2\/pages\/158\/revisions\/542"}],"wp:attachment":[{"href":"https:\/\/www.mobilnikoutky.cz\/index.php\/wp-json\/wp\/v2\/media?parent=158"}],"curies":[{"name":"wp","href":"https:\/\/api.w.org\/{rel}","templated":true}]}}