{"id":153,"date":"2018-01-08T10:58:43","date_gmt":"2018-01-08T09:58:43","guid":{"rendered":"http:\/\/www.mobilnikoutky.cz\/?page_id=153"},"modified":"2022-02-28T15:58:59","modified_gmt":"2022-02-28T14:58:59","slug":"dalsi-sluzby","status":"publish","type":"page","link":"https:\/\/www.mobilnikoutky.cz\/index.php\/dalsi-sluzby\/","title":{"rendered":"Dal\u0161\u00ed slu\u017eby"},"content":{"rendered":"<ul>\n<li>Zajist\u00edme pro v\u00e1s kompletn\u00ed <a href=\"https:\/\/www.babyoffice.cz\/zazitkove-eventy\/mobilni-detske-koutky\/\">realizaci mobiln\u00edho d\u011btsk\u00e9ho koutku<\/a> v\u010detn\u011b hl\u00edd\u00e1n\u00ed d\u011bt\u00ed nebo anima\u010dn\u00edho programu pro d\u011bti.<\/li>\n<li>Na va\u0161e akce dod\u00e1me <a href=\"https:\/\/www.babyoffice.cz\/kategorie\/tematicke-stezky-bojovky\/\">z\u00e1bavn\u00e9 tematick\u00e9 stezky (bojovky)<\/a>, kter\u00e9 zabav\u00ed d\u011bti od 5 do 12 let. Stezka m\u00e1 v\u011bt\u0161inou dv\u011b \u00farovn\u011b, pro mlad\u0161\u00ed a star\u0161\u00ed d\u011bti. Pouze stezka <a href=\"https:\/\/www.babyoffice.cz\/produkt\/tematicka-stezka-strasidlaci\/\">Stra\u0161idl\u00e1ci<\/a> je jedno\u00farov\u0148ov\u00e1.<\/li>\n<li>Organizujeme <a href=\"https:\/\/www.babyoffice.cz\/zazitkove-eventy\/detsky-den\/\">D\u011btsk\u00e9 dny,<\/a>\u00a0<a href=\"https:\/\/www.babyoffice.cz\/deti-ve-firme\/family-day\/\">Family days<\/a> a <a href=\"https:\/\/www.babyoffice.cz\/zazitkove-eventy\/mikulasska-ve-firme\/\">Mikul\u00e1\u0161sk\u00e9 akce<\/a> v obc\u00edch nebo ve firm\u00e1ch.<\/li>\n<li>Ve firm\u00e1ch tak\u00e9 <a href=\"https:\/\/www.babyoffice.cz\/deti-ve-firme\/primestske-tabory-ve-firmach\/\">hl\u00edd\u00e1me d\u011bti o pr\u00e1zdnin\u00e1ch<\/a> nebo p\u0159i rodinn\u00fdch akc\u00edch.<\/li>\n<li>Organizujeme <a href=\"https:\/\/www.babyoffice.cz\/deti-ve-firme\/programy-pro-rodice-na-rodicovske\/\">akce pro maminky na rodi\u010dovsk\u00e9 dovolen\u00e9<\/a>.<\/li>\n<\/ul>\n","protected":false},"excerpt":{"rendered":"<p>Zajist\u00edme pro v\u00e1s kompletn\u00ed realizaci mobiln\u00edho d\u011btsk\u00e9ho koutku v\u010detn\u011b hl\u00edd\u00e1n\u00ed d\u011bt\u00ed nebo anima\u010dn\u00edho programu pro d\u011bti. Na va\u0161e akce dod\u00e1me z\u00e1bavn\u00e9 tematick\u00e9 stezky (bojovky), kter\u00e9 zabav\u00ed d\u011bti od 5 do 12 let. Stezka m\u00e1 v\u011bt\u0161inou dv\u011b \u00farovn\u011b, pro mlad\u0161\u00ed a star\u0161\u00ed d\u011bti. Pouze stezka Stra\u0161idl\u00e1ci je jedno\u00farov\u0148ov\u00e1. Organizujeme D\u011btsk\u00e9 dny,\u00a0Family days a Mikul\u00e1\u0161sk\u00e9 akce v [&hellip;]<\/p>\n","protected":false},"author":1,"featured_media":0,"parent":0,"menu_order":0,"comment_status":"closed","ping_status":"closed","template":"","meta":{"_monsterinsights_skip_tracking":false,"_monsterinsights_sitenote_active":false,"_monsterinsights_sitenote_note":"","_monsterinsights_sitenote_category":0,"footnotes":""},"class_list":["post-153","page","type-page","status-publish","hentry"],"aioseo_notices":[],"_links":{"self":[{"href":"https:\/\/www.mobilnikoutky.cz\/index.php\/wp-json\/wp\/v2\/pages\/153","targetHints":{"allow":["GET"]}}],"collection":[{"href":"https:\/\/www.mobilnikoutky.cz\/index.php\/wp-json\/wp\/v2\/pages"}],"about":[{"href":"https:\/\/www.mobilnikoutky.cz\/index.php\/wp-json\/wp\/v2\/types\/page"}],"author":[{"embeddable":true,"href":"https:\/\/www.mobilnikoutky.cz\/index.php\/wp-json\/wp\/v2\/users\/1"}],"replies":[{"embeddable":true,"href":"https:\/\/www.mobilnikoutky.cz\/index.php\/wp-json\/wp\/v2\/comments?post=153"}],"version-history":[{"count":4,"href":"https:\/\/www.mobilnikoutky.cz\/index.php\/wp-json\/wp\/v2\/pages\/153\/revisions"}],"predecessor-version":[{"id":771,"href":"https:\/\/www.mobilnikoutky.cz\/index.php\/wp-json\/wp\/v2\/pages\/153\/revisions\/771"}],"wp:attachment":[{"href":"https:\/\/www.mobilnikoutky.cz\/index.php\/wp-json\/wp\/v2\/media?parent=153"}],"curies":[{"name":"wp","href":"https:\/\/api.w.org\/{rel}","templated":true}]}}